{"id":1123,"date":"2012-01-12T18:36:57","date_gmt":"2012-01-12T17:36:57","guid":{"rendered":"http:\/\/n.bialeta.pl\/wordpress\/?page_id=1123"},"modified":"2012-01-15T17:43:10","modified_gmt":"2012-01-15T16:43:10","slug":"follow-up-po-tur-bt-i-wlewki-bcg","status":"publish","type":"page","link":"https:\/\/bialeta.pl\/wordpress\/artykuly\/follow-up-po-tur-bt-i-wlewki-bcg","title":{"rendered":"Follow-up po TUR-BT i wlewki BCG"},"content":{"rendered":"<p><html>\n<head>\n<meta http-equiv=\"Content-Language\" content=\"pl\">\n<meta http-equiv=\"Content-Type\" content=\"text\/html; charset=iso8859-2\">\n<meta http-equiv=\"Content-Author\" author=\"Artur Bia\u00b3eta, MD\">\n<meta http-equiv=\"Content-Version\" content=\"Wersja 2.0.beta\">\n<title>SBC Follow-up<\/title>\n\n<style>\ntable.bladder {\n\twidth: 540px;\n\tborder-collapse: collapse;\n\tborder-bottom: 1px solid #666;\n\tborder-top: 1px solid #666;\n\tborder-left: 1px solid #666;\n\tborder-right: 1px solid #666;\n\tfont-family: verdana, lucida, helvetica, sans-serif;\n\tfont-size: 11px;\n\tmargin: 0;\n\tpadding: 3;\n\talign: center;\n\tmargin-left:auto; \n\tmargin-right:auto;\n}\n\ntd.blad1 {\n\tborder-bottom: 1px solid #666;\n\tborder-top: 1px solid #666;\n\tborder-left: 1px solid #666;\n\tborder-right: 1px solid #666;\n\t\n\tpadding: 0.4em;\n\tvertical-align: 4px;\n\tfont-size: 11px;\n}\n\ntd.blad2 {\n\tborder-bottom: 1px solid #666;\n\tborder-top: 1px solid #666;\n\tborder-left: 1px solid #666;\n\tborder-right: 1px solid #666;\n\tbackground: #ddd;\n\tpadding: 0.4em;\n\tvertical-align: 4px;\n\tfont-size: 11px;\n}\n\n\ntd.bladgreen {\n\tborder-bottom: 1px solid #666;\n\tborder-top: 1px solid #666;\n\tborder-left: 1px solid #666;\n\tborder-right: 1px solid #666;\n\tbackground: #3c0;\n\tpadding: 0.4em;\n\tvertical-align: 4px;\n\tfont-size: 11px;\n}\n\ntd.bladorange {\n\tborder-bottom: 1px solid #666;\n\tborder-top: 1px solid #666;\n\tborder-left: 1px solid #666;\n\tborder-right: 1px solid #666;\n\tbackground: #f60;\n\tpadding: 0.4em;\n\tvertical-align: 4px;\n\tfont-size: 11px;\n}\n\ntd.bladred {\n\tborder-bottom: 1px solid #666;\n\tborder-top: 1px solid #666;\n\tborder-left: 1px solid #666;\n\tborder-right: 1px solid #666;\n\tbackground: #f03;\n\tpadding: 0.4em;\n\tvertical-align: 4px;\n\tfont-size: 11px;\n}\n\ninput[type=submit].bladder2,\ninput[type=button].bladder2 {\n\tbackground: #2e6eb0;\n\tbackground: -moz-linear-gradient(top,  #76aee8,  #2e6eb0);\n\tbackground: -o-linear-gradient(top, #76aee8, #2e6eb0);\n\tbackground: -webkit-gradient(linear, left top, left bottom, from(#76aee8), to(#2e6eb0));\n\tfilter:  progid:DXImageTransform.Microsoft.gradient(startColorstr='#76aee8', endColorstr='#2e6eb0');\n\t-ms-filter: \"progid:DXImageTransform.Microsoft.gradient(startColorstr=#76aee8, endColorstr=#2e6eb0)\";\n\tborder: solid 1px #2e6eb0;\n\t-webkit-border-radius: 6px; \n\t-moz-border-radius: 6px;\n\tborder-radius: 6px;\n\t-webkit-box-shadow: 0 1px 2px rgba(0,0,0,.3);\n\t-moz-box-shadow: 0 1px 2px rgba(0,0,0,.3);\n\tbox-shadow: 0 1px 2px #000;\n\tbox-shadow: 0 1px 2px rgba(0,0,0,.3);\n\tcolor: #fff;\n\tcursor: hand;\n\tcursor: pointer;\n\tdisplay: inline-block;\n\t*display: inline;\n\tfont-weight: bold;\n\tmargin: 0 2px;\n\tpadding: 5px;\n\ttext-align: center;\n\ttext-shadow: 0 1px 1px #000;\n\ttext-shadow: 0 1px 1px rgba(0,0,0,.3);\n\tvertical-align: baseline;\n}\n\n<\/style>\n\n\n\n<\/head>\n<body bgcolor=white text=black> \n\n<p align=\"left\"><font FACE='Verdana, Arial, Helvetica, sans-serif' SIZE=2 color=black>\nProgram oblicza daty wlewek BCG po TURBT oraz daty kontrolnych cystoskopii wed\u0142ug EBU Guidelines.<br>\n<i>(Oosterlinck et al., Eur Urol 2002, 41:105 2002)<\/i><br>\n&nbsp;&nbsp;<b>Stadium 1, niskiego ryzyka<\/b> - Guz pojedynczy, \u015brednica <= 3cm, Ta, G1. PUNLMP: Papillary Urothelial Neoplasm with Low Malignancy Potential.<br> \n&nbsp;&nbsp;<b>Stadium 2, po\u015bredniego ryzyka<\/b> - Guz o cechach po\u015brednich.<br>\n&nbsp;&nbsp;<b>Stadium 3, wysokiego ryzyka<\/b> - Ka\u017cdy guz T1 lub G3 lub CIS, o du\u017cej cz\u0119sto\u015bci nawrot\u00f3w, wieloogniskowy.<br>\n&nbsp;&nbsp;Kalkulator oceny ryzyka i progresji dost\u0119pny <a href=\"https:\/\/bialeta.pl\/wordpress\/?page_id=1113\"><b>tutaj<\/b><\/a><br>\nWpisz dat\u0119 TURBT lub pierwszej wlewki w formacie RRRR-MM-DD, a program okre\u015bli daty wlewek i cystoskopii.<br>\n<\/font>\n<hr>\n<center>\n\n<form action=\"https:\/\/bialeta.pl\/wordpress\/?page_id=1123\" method=\"post\">\n\n<p align=\"center\">\n<strong>Data TURBT lub pierwszej wlewki (RRRR-MM-DD)<\/strong>\n<input type=\"text\" name=\"turt\"  size=\"10\" tabindex=\"1\" value=\"\"<br><br>\n\n\n<input type=\"submit\" name=\"pokaz_wlewki\" size=\"25\" tabindex=\"2\" value=\"Poka\u017c wlewki\">\n<input type=\"submit\" name=\"pokaz_cystoskopie1\" size=\"25\" tabindex=\"3\" value=\"Cystoskopie Low Risk\">\n<input type=\"submit\" name=\"pokaz_cystoskopie3\" size=\"25\" tabindex=\"5\" value=\"Cystoskopie High Risk\">\n\n<\/form><\/center>\n\n<p align=left><font face=Verdana, Arial, Helvetica, sans-serif color=black size=2>\n\t    Wpisz dat\u0119 TURBT i kliknij klawisz z odpowiadaj\u0105cym stopniem ryzyka, program poda harmonogram cystoskopii lub<br>\n\t    wpisz dat\u0119 pierwszej wlewki, program poda harmonogram wlewek w cyklu podstawowym i maintenance.<\/font><br>\n<p align=left><font face=Verdana, Arial, Helvetica, sans-serif color=black size=2>\n\t\tNie wpisano daty, wstaw prawid\u0142ow\u0105 dat\u0119 w formacie RRRR-MM-DD <\/font><\/p>\n<p align=right><i><font align=right face=\"Arial\" size=\"1\" color=black>&copy 2005-2012 Artur Bia\u0142eta, MD<\/font><\/i>\n<\/body>\n<\/html><\/p>","protected":false},"excerpt":{"rendered":"","protected":false},"author":1,"featured_media":0,"parent":63,"menu_order":0,"comment_status":"closed","ping_status":"closed","template":"","meta":{"ngg_post_thumbnail":0,"footnotes":""},"class_list":["post-1123","page","type-page","status-publish","hentry"],"_links":{"self":[{"href":"https:\/\/bialeta.pl\/wordpress\/wp-json\/wp\/v2\/pages\/1123","targetHints":{"allow":["GET"]}}],"collection":[{"href":"https:\/\/bialeta.pl\/wordpress\/wp-json\/wp\/v2\/pages"}],"about":[{"href":"https:\/\/bialeta.pl\/wordpress\/wp-json\/wp\/v2\/types\/page"}],"author":[{"embeddable":true,"href":"https:\/\/bialeta.pl\/wordpress\/wp-json\/wp\/v2\/users\/1"}],"replies":[{"embeddable":true,"href":"https:\/\/bialeta.pl\/wordpress\/wp-json\/wp\/v2\/comments?post=1123"}],"version-history":[{"count":5,"href":"https:\/\/bialeta.pl\/wordpress\/wp-json\/wp\/v2\/pages\/1123\/revisions"}],"predecessor-version":[{"id":1146,"href":"https:\/\/bialeta.pl\/wordpress\/wp-json\/wp\/v2\/pages\/1123\/revisions\/1146"}],"up":[{"embeddable":true,"href":"https:\/\/bialeta.pl\/wordpress\/wp-json\/wp\/v2\/pages\/63"}],"wp:attachment":[{"href":"https:\/\/bialeta.pl\/wordpress\/wp-json\/wp\/v2\/media?parent=1123"}],"curies":[{"name":"wp","href":"https:\/\/api.w.org\/{rel}","templated":true}]}}