{"id":1162,"date":"2012-01-31T00:04:54","date_gmt":"2012-01-30T23:04:54","guid":{"rendered":"http:\/\/n.bialeta.pl\/wordpress\/?page_id=1162"},"modified":"2012-01-31T00:18:01","modified_gmt":"2012-01-30T23:18:01","slug":"pisemne-zgody-pacjentow-na-urologiczne-zabiegi-operacyjne","status":"publish","type":"page","link":"https:\/\/bialeta.pl\/wordpress\/artykuly\/pisemne-zgody-pacjentow-na-urologiczne-zabiegi-operacyjne","title":{"rendered":"Pisemne zgody pacjent\u00f3w na urologiczne zabiegi operacyjne"},"content":{"rendered":"<p>Nied\u0142ugo dost\u0119pne<\/p>","protected":false},"excerpt":{"rendered":"<p>Nied\u0142ugo dost\u0119pne<\/p>\n","protected":false},"author":1,"featured_media":0,"parent":63,"menu_order":0,"comment_status":"closed","ping_status":"closed","template":"","meta":{"ngg_post_thumbnail":0,"footnotes":""},"class_list":["post-1162","page","type-page","status-publish","hentry"],"_links":{"self":[{"href":"https:\/\/bialeta.pl\/wordpress\/wp-json\/wp\/v2\/pages\/1162","targetHints":{"allow":["GET"]}}],"collection":[{"href":"https:\/\/bialeta.pl\/wordpress\/wp-json\/wp\/v2\/pages"}],"about":[{"href":"https:\/\/bialeta.pl\/wordpress\/wp-json\/wp\/v2\/types\/page"}],"author":[{"embeddable":true,"href":"https:\/\/bialeta.pl\/wordpress\/wp-json\/wp\/v2\/users\/1"}],"replies":[{"embeddable":true,"href":"https:\/\/bialeta.pl\/wordpress\/wp-json\/wp\/v2\/comments?post=1162"}],"version-history":[{"count":3,"href":"https:\/\/bialeta.pl\/wordpress\/wp-json\/wp\/v2\/pages\/1162\/revisions"}],"predecessor-version":[{"id":1165,"href":"https:\/\/bialeta.pl\/wordpress\/wp-json\/wp\/v2\/pages\/1162\/revisions\/1165"}],"up":[{"embeddable":true,"href":"https:\/\/bialeta.pl\/wordpress\/wp-json\/wp\/v2\/pages\/63"}],"wp:attachment":[{"href":"https:\/\/bialeta.pl\/wordpress\/wp-json\/wp\/v2\/media?parent=1162"}],"curies":[{"name":"wp","href":"https:\/\/api.w.org\/{rel}","templated":true}]}}