{"id":1167,"date":"2012-01-31T00:32:15","date_gmt":"2012-01-30T23:32:15","guid":{"rendered":"http:\/\/n.bialeta.pl\/wordpress\/?page_id=1167"},"modified":"2025-08-20T22:59:46","modified_gmt":"2025-08-20T21:59:46","slug":"o-czym-pamietac-idac-do-szpitala","status":"publish","type":"page","link":"https:\/\/bialeta.pl\/wordpress\/o-czym-pamietac-idac-do-szpitala","title":{"rendered":"O czym pami\u0119ta\u0107, id\u0105c do szpitala"},"content":{"rendered":"<p><\/p>\n<h4><strong>Gdy zbli\u017ca si\u0119 termin przyj\u0119cia do szpitala sprawd\u017a czy posiadasz ze sob\u0105:<\/strong><\/h4>\n<ul>\n<li>Dokumentacj\u0119 z dotychczasowych hospitalizacji (karty wypisowe z pobyt\u00f3w szpitalnych, wyniki bada\u0144, konsultacji)<\/li>\n<li>Leki, kt\u00f3re przyjmujesz na sta\u0142e w oryginalnych opakowaniach wraz z informacj\u0105 o ich dawkowaniu<\/li>\n<li>Zdj\u0119cia rentgenowskie, p\u0142yty z wynikami bada\u0144 obrazowych<\/li>\n<li>Wynik posiewu moczu skonsultowany wcze\u015bniej z lekarzem rodzinnym lub swoim urologiem. Posiew moczu nale\u017cy wykona\u0107 7-10 dni przed terminem planowego przyj\u0119cia i jego wynik skonsultowa\u0107 z lekarzem, poniewa\u017c mo\u017ce zaistnie\u0107 konieczno\u015b\u0107 zastosowania antybiotyku lub powt\u00f3rzenia badania przed przyj\u0119ciem do szpitala. U pacjent\u00f3w z cewnikami zewn\u0119trznymi, przed pobraniem moczu do badania nale\u017cy wymieni\u0107 cewnik. Pacjenci z zaka\u017ceniem uk\u0142adu moczowego nie mog\u0105 zosta\u0107 poddani planowym zabiegom urologicznym.<\/li>\n<li>Rzeczy osobiste pozwalaj\u0105ce na przetrwanie w warunkach hotelowych przez okres kilku dni<\/li>\n<li>List\u0119 pyta\u0144, kt\u00f3re Ci\u0119 nurtuj\u0105, zw\u0142aszcza dotycz\u0105cych procesu leczenia, operacji, czasu rekonwalescencji<\/li>\n<li>Dane os\u00f3b, kt\u00f3re chcesz upowa\u017cni\u0107 do uzyskiwania informacji na temat swojego pobytu w szpitalu i ich numery telefon\u00f3w<\/li>\n<\/ul>\n<p><\/p>","protected":false},"excerpt":{"rendered":"<p>Gdy zbli\u017ca si\u0119 termin przyj\u0119cia do szpitala sprawd\u017a czy posiadasz ze sob\u0105: Dokumentacj\u0119 z dotychczasowych hospitalizacji (karty wypisowe z pobyt\u00f3w szpitalnych, wyniki bada\u0144, konsultacji) Leki, kt\u00f3re przyjmujesz na sta\u0142e w oryginalnych opakowaniach wraz z informacj\u0105 o ich dawkowaniu Zdj\u0119cia rentgenowskie, p\u0142yty z wynikami bada\u0144 obrazowych Wynik posiewu moczu skonsultowany wcze\u015bniej&#8230;<\/p>\n","protected":false},"author":1,"featured_media":0,"parent":0,"menu_order":0,"comment_status":"closed","ping_status":"closed","template":"","meta":{"ngg_post_thumbnail":0,"footnotes":""},"class_list":["post-1167","page","type-page","status-publish","hentry"],"_links":{"self":[{"href":"https:\/\/bialeta.pl\/wordpress\/wp-json\/wp\/v2\/pages\/1167","targetHints":{"allow":["GET"]}}],"collection":[{"href":"https:\/\/bialeta.pl\/wordpress\/wp-json\/wp\/v2\/pages"}],"about":[{"href":"https:\/\/bialeta.pl\/wordpress\/wp-json\/wp\/v2\/types\/page"}],"author":[{"embeddable":true,"href":"https:\/\/bialeta.pl\/wordpress\/wp-json\/wp\/v2\/users\/1"}],"replies":[{"embeddable":true,"href":"https:\/\/bialeta.pl\/wordpress\/wp-json\/wp\/v2\/comments?post=1167"}],"version-history":[{"count":11,"href":"https:\/\/bialeta.pl\/wordpress\/wp-json\/wp\/v2\/pages\/1167\/revisions"}],"predecessor-version":[{"id":3702,"href":"https:\/\/bialeta.pl\/wordpress\/wp-json\/wp\/v2\/pages\/1167\/revisions\/3702"}],"wp:attachment":[{"href":"https:\/\/bialeta.pl\/wordpress\/wp-json\/wp\/v2\/media?parent=1167"}],"curies":[{"name":"wp","href":"https:\/\/api.w.org\/{rel}","templated":true}]}}