{"id":119,"date":"2011-12-30T22:20:47","date_gmt":"2011-12-30T21:20:47","guid":{"rendered":"http:\/\/n.bialeta.pl\/wordpress\/?page_id=119"},"modified":"2023-10-31T16:18:04","modified_gmt":"2023-10-31T15:18:04","slug":"nefrektomia-laparoskopowa","status":"publish","type":"page","link":"https:\/\/bialeta.pl\/wordpress\/multimedia\/nefrektomia-laparoskopowa","title":{"rendered":"Nefrektomia laparoskopowa"},"content":{"rendered":"<p><\/p>\n<p style=\"text-align: justify;\">Nefrektomia to operacja, kt\u00f3rej celem jest usuni\u0119cie chorej nerki. Zabieg mo\u017cna przeprowadzi\u0107 w klasyczny, chirurgiczny spos\u00f3b technik\u0105 otwart\u0105, najcz\u0119\u015bciej z ci\u0119cia w okolicy l\u0119d\u017awiowej lub rzadziej pod\u017cebrowej, jednak obecnie nefrektomi\u0119 wykonujemy najcz\u0119\u015bciej technik\u0105 laparoskopow\u0105 lub retroperitoneoskopow\u0105. Je\u015bli nerka zaj\u0119ta jest przez nowotw\u00f3r zabieg jest bardziej rozleg\u0142y i opr\u00f3cz nerki usuwana jest r\u00f3wnie\u017c otaczaj\u0105ca nerk\u0119 tkanka t\u0142uszczowa wraz z jej powi\u0119zi\u0105 zwan\u0105 powi\u0119zi\u0105 Geroty w jednym bloku a czasami tak\u017ce jednocze\u015bnie nadnercze. W przypadku nienowotworowej choroby nerki, usuwany jest jedynie sam narz\u0105d, bez otaczaj\u0105cej tkanki t\u0142uszczowej. Technicznie zabieg laparoskopowego usuni\u0119cia nerki zaczyna si\u0119 za\u0142o\u017ceniem cewnika do p\u0119cherza i wype\u0142nieniem jamy otrzewnej dwutlenkiem w\u0119gla. Uzyskana w\u00f3wczas przestrze\u0144 pozwala na swobodne manipulacje narz\u0119dziami chirurgicznymi wewn\u0105trz jamy brzusznej. Po odsuni\u0119ciu jelita grubego (wst\u0119pnicy lub zst\u0119pnicy w zale\u017cno\u015bci od strony) najpierw uzyskuje si\u0119 wgl\u0105d w okolic\u0119 g\u0142\u00f3wnych naczy\u0144 krwiono\u015bnych zaopatruj\u0105cych nerk\u0119. Po wypreparowaniu t\u0119tnicy (lub t\u0119tnic) nerkowej i \u017cy\u0142y nerkowej zamyka si\u0119 dop\u0142yw krwi t\u0119tniczej do narz\u0105du zamykaj\u0105c t\u0119tnic\u0119 klipsami tytanowymi, a nast\u0119pnie t\u0119tnic\u0119 przecina si\u0119 pomi\u0119dzy klipsami. W nast\u0119pnym etapie zamykana jest \u017cy\u0142a nerkowa. O ile t\u0119tnica nerkowa mo\u017ce mie\u0107 \u015brednic\u0119 oko\u0142o 5-6mm, o tyle \u017cy\u0142a jest znacznie szersza, mo\u017ce mie\u0107 \u015brednic\u0119 10-15mm i najcz\u0119\u015bciej nie da si\u0119 jej zamkn\u0105\u0107 klipsem, trzeba u\u017cy\u0107 mechanicznego staplera naczyniowego, kt\u00f3ry zamyka \u015bwiat\u0142o \u017cy\u0142y nerkowej trzema warstwami szw\u00f3w metalicznych, a nast\u0119pnie j\u0105 przecina. Po zamkni\u0119ciu g\u0142\u00f3wnych naczy\u0144 nerkowych, narz\u0105d jest pozbawiony g\u0142\u00f3wnego ukrwienia i preparowanie nerki mo\u017ce si\u0119 odbywa\u0107 bez wi\u0119kszego krwawienia, nadal jednak trzeba uwa\u017ca\u0107 na dodatkowe drobniejsze naczynia krwiono\u015bne dochodz\u0105ce do powierzchni narz\u0105du, zw\u0142aszcza w przypadku chor\u00f3b nowotworowych. Po wyci\u0119ciu nerki z jej naturalnego po\u0142o\u017cenia i kompletnym jej uwolnieniu z otaczaj\u0105cych tkanek, przez jeden z port\u00f3w wprowadzany jest do brzucha specjalny woreczek z folii, do kt\u00f3rego zdeponowany zostanie wyci\u0119ty narz\u0105d. Po poszerzeniu naci\u0119cia nerka zamkni\u0119ta w worku zostanie usuni\u0119ta z wn\u0119trza cia\u0142a, w okolice kikut\u00f3w g\u0142\u00f3wnych naczy\u0144 umieszczony zostanie dren i na tym zabieg zako\u0144czy si\u0119, a pacjent z bloku operacyjnego wr\u00f3ci do oddzia\u0142u. Z regu\u0142y nast\u0119pnego dnia po zabiegu pacjent rozpoczyna przyjmowanie normalnych posi\u0142k\u00f3w i jest uruchamiany przy \u0142\u00f3\u017cku, w kolejnej dobie usuwany jest dren i cewnik. Je\u015bli nic nie stoi na przeszkodzie, pacjent mo\u017ce opu\u015bci\u0107 oddzia\u0142 w drugiej lub trzeciej dobie pooperacyjnej i zg\u0142asza si\u0119 na usuni\u0119cie szw\u00f3w w 7 dobie pooperacyjnej do ambulatorium.<\/p>\n<ul>\n<li>41 &#8211; Przezotrzewnowa, radykalna nefrektomia lewostronna cT2aN0M0 (A. Bia\u0142eta, P. Winczakiewicz)<\/li>\n<\/ul>\n<ul>\n<video id=\"player3\" width=\"320\" mediaType=\"video\" preload=\"none\" controls  src=\"https:\/\/bialeta.pl\/nefrektomia41\/nephrectomy41.mp4\">\n<\/ul>\n<ul>\n<li>40 &#8211; Przezotrzewnowa, radykalna nefrektomia prawostronna cT2bN0M0 (P. Kalinowski, A. Bia\u0142eta)<\/li>\n<\/ul>\n<ul>\n<video id=\"player3\" width=\"320\" mediaType=\"video\" preload=\"none\" controls src=\"https:\/\/bialeta.pl\/nefrektomia40\/nephrectomy40.mp4\">\n<\/ul>\n<ul>\n<li>39 &#8211; Przezotrzewnowa paliatywna nefrektomia prawostronna cT4N0M1 (A. Bia\u0142eta, M. Ksi\u0105\u017cek)<\/li>\n<\/ul>\n<ul>\n<video id=\"player3\" width=\"320\" mediaType=\"video\" preload=\"none\" controls src=\"https:\/\/bialeta.pl\/nefrektomia39\/nephrectomy39.mp4\">\n<\/ul>\n<ul>\n<li>38 &#8211; Przezotrzewnowa radykalna nefrektomia prawostronna cT2aN0M0 (M. Ksi\u0105\u017cek, A. Bia\u0142eta)<\/li>\n<\/ul>\n<ul>\n<video id=\"player3\" width=\"320\" mediaType=\"video\" preload=\"none\" controls src=\"https:\/\/bialeta.pl\/nefrektomia38\/nephrectomy38.mp4\">\n<\/ul>\n<ul>\n<li>37 &#8211; Przezotrzewnowa radykalna nefrektomia lewostronna cT2aN0M0 (A. Bia\u0142eta, A. Ko\u0142odziej)<\/li>\n<\/ul>\n<ul>\n<video id=\"player3\" width=\"320\" mediaType=\"video\" preload=\"none\" controls src=\"https:\/\/bialeta.pl\/nefrektomia37\/nephrectomy37.mp4\">\n<\/ul>\n<ul>\n<li>36 &#8211; Przezotrzewnowa radykalna nefrektomia lewostronna cT2bN0M0 (A. Bia\u0142eta, K. Lebiedzi\u0144ski)<\/li>\n<\/ul>\n<ul>\n<video id=\"player3\" width=\"320\" mediaType=\"video\" preload=\"none\" controls src=\"https:\/\/bialeta.pl\/nefrektomia36\/nephrectomy36.mp4\">\n<\/ul>\n<ul>\n<li>35 &#8211; Przezotrzewnowa radykalna nefrektomia lewostronna cT1bN0M0 (A. Bia\u0142eta, \u0141. Lizut)<\/li>\n<\/ul>\n<ul>\n<video id=\"player3\" width=\"320\" mediaType=\"video\" preload=\"none\" controls src=\"https:\/\/bialeta.pl\/nefrektomia35\/nephrectomy35.mp4\">\n<\/ul>\n<ul>\n<li>34 &#8211; Przezotrzewnowa radykalna nefrektomia prawostronna cT3bN0M0 z usuni\u0119ciem czopa nowotworowego z \u017cy\u0142y g\u0142\u00f3wnej dolnej (A. Bia\u0142eta, K. Lebiedzi\u0144ski)<\/li>\n<\/ul>\n<ul>\n<video id=\"player3\" width=\"320\" mediaType=\"video\" preload=\"none\" controls src=\"https:\/\/bialeta.pl\/nefrektomia34\/nephrectomy34.mp4\">\n<\/ul>\n<ul>\n<li>33 &#8211; Przezotrzewnowa radykalna nefrektomia lewostronna cT4N1M0 (A. Bia\u0142eta, I. J\u0119cze\u0144)<\/li>\n<\/ul>\n<ul>\n<video id=\"player3\" width=\"320\" mediaType=\"video\" preload=\"none\" controls src=\"https:\/\/bialeta.pl\/nefrektomia33\/nephrectomy33.mp4\">\n<\/ul>\n<ul>\n<li>32 &#8211; Przezotrzewnowa radykalna nefrektomia prawostronna cT3aN1M1 (A. Bia\u0142eta, K. Lebiedzi\u0144ski)<\/li>\n<\/ul>\n<ul>\n<video id=\"player3\" width=\"320\" mediaType=\"video\" preload=\"none\" controls src=\"https:\/\/bialeta.pl\/nefrektomia32\/nephrectomy32.mp4\">\n<\/ul>\n<ul>\n<li>31 &#8211; Przezotrzewnowa nefrektomia prawostronna, kamica odlewowa, roponercze (A. Bia\u0142eta, A. Ko\u0142odziej)<\/li>\n<\/ul>\n<ul>\n<video id=\"player3\" width=\"320\" mediaType=\"video\" preload=\"none\" controls src=\"https:\/\/bialeta.pl\/nefrektomia31\/nephrectomy31.mp4\">\n<\/ul>\n<ul>\n<li>31 &#8211; Przezotrzewnowa radykalna nefrektomia prawostronna cT3aN0M0 (A. Bia\u0142eta, M. Skoneczny)<\/li>\n<\/ul>\n<ul>\n<video id=\"player3\" width=\"320\" mediaType=\"video\" preload=\"none\" controls src=\"https:\/\/bialeta.pl\/nefrektomia30\/nephrectomy30.mp4\">\n<\/ul>\n<ul>\n<li>30 &#8211; Przezotrzewnowa radykalna nefrektomia prawostronna z usuni\u0119ciem czopa nowotworowego z \u017cy\u0142y g\u0142\u00f3wnej dolnej (A. Bia\u0142eta, J. Mo\u017cd\u017cy\u0144ski)<\/li>\n<\/ul>\n<ul>\n<video id=\"player3\" width=\"320\" mediaType=\"video\" preload=\"none\" controls src=\"https:\/\/bialeta.pl\/nefrektomia_vci\/nephrectomy_vci_01.mp4\">\n<\/ul>\n<ul>\n<li>29 &#8211; Przezotrzewnowa radykalna nefrektomia prawostronna (A. Bia\u0142eta, J. Mo\u017cd\u017cy\u0144ski)<\/li>\n<\/ul>\n<ul>\n<video id=\"player3\" width=\"320\" mediaType=\"video\" preload=\"none\" controls src=\"https:\/\/bialeta.pl\/nefrektomia29\/nephrectomy29.mp4\">\n<\/ul>\n<ul>\n<li>28 &#8211; Przezotrzewnowa radykalna nefrektomia prawostronna (A. Bia\u0142eta, P. Kalinowski)<\/li>\n<\/ul>\n<ul>\n<video id=\"player3\" width=\"320\" mediaType=\"video\" preload=\"none\" controls src=\"https:\/\/bialeta.pl\/nefrektomia28\/nephrectomy28.mp4\">\n<\/ul>\n<ul>\n<li>27 &#8211; Przezotrzewnowa radykalna nefrektomia prawostronna (A. Bia\u0142eta, J. Mo\u017cd\u017cy\u0144ski)<\/li>\n<\/ul>\n<ul>\n<video id=\"player3\" width=\"320\" mediaType=\"video\" preload=\"none\" controls src=\"https:\/\/bialeta.pl\/nefrektomia27\/nephrectomy27.mp4\">\n<\/ul>\n<ul>\n<li>26 &#8211; Przezotrzewnowa radykalna nefrektomia lewostronna (P. Kalinowski, A. Bia\u0142eta)<\/li>\n<\/ul>\n<ul>\n<video id=\"player3\" width=\"320\" mediaType=\"video\" preload=\"none\" controls src=\"https:\/\/bialeta.pl\/nefrektomia21\/nefrektomia21.mp4\">\n<\/ul>\n<ul>\n<li>25 &#8211; Przezotrzewnowa prosta nefrektomia prawostronna (A. Bia\u0142eta, P. Kalinowski)<\/li>\n<\/ul>\n<ul>\n<video id=\"player3\" width=\"320\" mediaType=\"video\" preload=\"none\" controls src=\"https:\/\/bialeta.pl\/nefrektomia20\/nefrektomia20.flv\">\n<\/ul>\n<ul>\n<li>24 &#8211; Przezotrzewnowa radykalna nefrektomia prawostronna (A. Bia\u0142eta, P. Kalinowski)<\/li>\n<\/ul>\n<ul>\n<video id=\"player3\" width=\"320\" mediaType=\"video\" preload=\"none\" controls src=\"https:\/\/bialeta.pl\/nefrektomia19\/nefrektomia19.flv\">\n<\/ul>\n<ul>\n<li>23 &#8211; Przezotrzewnowa radykalna nefrektomia prawostronna (A. Bia\u0142eta, J. Mo\u017cd\u017cy\u0144ski)<\/li>\n<\/ul>\n<ul>\n<video id=\"player3\" width=\"320\" mediaType=\"video\" preload=\"none\" controls src=\"https:\/\/bialeta.pl\/nefrektomia18\/nefrektomia18.flv\">\n<\/ul>\n<ul>\n<li>22 &#8211; Przezotrzewnowa prosta nefrektomia lewostronna (J. Mo\u017cd\u017cy\u0144ski, A. Bia\u0142eta)<\/li>\n<\/ul>\n<ul>\n<video id=\"player3\" width=\"320\" mediaType=\"video\" preload=\"none\" controls src=\"https:\/\/bialeta.pl\/nefrektomia17\/nefrektomia17.flv\">\n<\/ul>\n<ul>\n<li>21 &#8211; Przezotrzewnowa nefrektomia prawostronna (A. Bia\u0142eta, P Kalinowski)<\/li>\n<\/ul>\n<ul>\n<video id=\"player3\" width=\"320\" mediaType=\"video\" preload=\"none\" controls src=\"https:\/\/bialeta.pl\/nefrektomia16\/nephrectomy16.flv\">\n<\/ul>\n<ul>\n<li>20 &#8211; Przezotrzewnowa radykalna nefrektomia lewostronna (A. Bia\u0142eta, J. Mo\u017cd\u017cy\u0144ski)<\/li>\n<\/ul>\n<ul>\n<video id=\"player3\" width=\"320\" mediaType=\"video\" preload=\"none\" controls src=\"https:\/\/bialeta.pl\/nefrektomia15\/nephrectomy15.flv\">\n<\/ul>\n<ul>\n<li>19 &#8211; Przezotrzewnowa radykalna nefrektomia prawostronna (A. Bia\u0142eta, M. Krzy\u017canowski)<\/li>\n<\/ul>\n<ul>\n<video id=\"player3\" width=\"320\" mediaType=\"video\" preload=\"none\" controls src=\"https:\/\/bialeta.pl\/nefrektomia\/first_nephrectomy.flv\">\n<\/ul>\n<ul>\n<li>18 &#8211; Przezotrzewnowa radykalna nefrektomia lewostronna (M. Krzy\u017canowski, A. Bia\u0142eta)<\/li>\n<\/ul>\n<ul>\n<video id=\"player3\" width=\"320\" mediaType=\"video\" preload=\"none\" controls src=\"https:\/\/bialeta.pl\/nefrektomia2\/nephrectomy2.flv\">\n<\/ul>\n<ul>\n<li>17 &#8211; Przezotrzewnowa radykalna nefrektomia prawostronna (M. Krzy\u017canowski, A. Bia\u0142eta)<\/li>\n<\/ul>\n<ul>\n<video id=\"player3\" width=\"320\" mediaType=\"video\" preload=\"none\" controls src=\"https:\/\/bialeta.pl\/nefrektomia4\/nephrectomy4.flv\">\n<\/ul>\n<ul>\n<li>16 &#8211; Przezotrzewnowa radykalna nefrektomia prawostronna (A. Bia\u0142eta, J. Mozd\u017cy\u0144ski)<\/li>\n<\/ul>\n<ul>\n<video id=\"player3\" width=\"320\" mediaType=\"video\" preload=\"none\" controls src=\"https:\/\/bialeta.pl\/nefrektomia5\/nephrectomy5.flv\">\n<\/ul>\n<ul>\n<li>15 &#8211; Przezotrzewnowa radykalna nefrektomia prawostronna (A. Bia\u0142eta, P.Kalinowski)<\/li>\n<\/ul>\n<ul>\n<video id=\"player3\" width=\"320\" mediaType=\"video\" preload=\"none\" controls src=\"https:\/\/bialeta.pl\/nefrektomia6\/nephrectomy6.flv\">\n<\/ul>\n<ul>\n<li>14 &#8211; Przezotrzewnowa radykalna nefrektomia prawostronna (M. Krzy\u017canowski, A. Bia\u0142eta)<\/li>\n<\/ul>\n<ul>\n<video id=\"player3\" width=\"320\" mediaType=\"video\" preload=\"none\" controls src=\"https:\/\/bialeta.pl\/nefrektomia7\/nephrectomy7.flv\">\n<\/ul>\n<ul>\n<li>13 &#8211; Przezotrzewnowa nefrektomia lewostronna, nerka marska (A. Bia\u0142eta, J. Mo\u017cd\u017cy\u0144ski)<\/li>\n<\/ul>\n<ul>\n<video id=\"player3\" width=\"320\" mediaType=\"video\" preload=\"none\" controls src=\"https:\/\/bialeta.pl\/nefrektomia8\/nephrectomy8.flv\">\n<\/ul>\n<ul>\n<li>12 &#8211; Przezotrzewnowa nefrektomia lewostronna, nerka marska (A. Bia\u0142eta, J. Mo\u017cd\u017cy\u0144ski)<\/li>\n<\/ul>\n<ul>\n<video id=\"player3\" width=\"320\" mediaType=\"video\" preload=\"none\" controls src=\"https:\/\/bialeta.pl\/nefrektomia9\/nephrectomy9.flv\">\n<\/ul>\n<ul>\n<li>11 &#8211; Przezotrzewnowa nefrektomia prawostronna, nerka marska (A. Bia\u0142eta, M. Krzy\u017canowski)<\/li>\n<\/ul>\n<ul>\n<video id=\"player3\" width=\"320\" mediaType=\"video\" preload=\"none\" controls src=\"https:\/\/bialeta.pl\/nefrektomia10\/nephrectomy10.flv\">\n<\/ul>\n<ul>\n<li>10 &#8211; Przezotrzewnowa nefrektomia prawostronna, nerka marska (P. Kalinowski, A. Bia\u0142eta)<\/li>\n<\/ul>\n<ul>\n<video id=\"player3\" width=\"320\" mediaType=\"video\" preload=\"none\" controls src=\"https:\/\/bialeta.pl\/nefrektomia11\/nephrectomy11.flv\">\n<\/ul>\n<ul>\n<li>9 &#8211; Przezotrzewnowa radykalna nefrektomia prawostronna (J. Mo\u017cd\u017cy\u0144ski, A. Bia\u0142eta)<\/li>\n<\/ul>\n<ul>\n<video id=\"player3\" width=\"320\" mediaType=\"video\" preload=\"none\" controls src=\"https:\/\/bialeta.pl\/nefrektomia12\/nephrectomy12.flv\">\n<\/ul>\n<ul>\n<li>8 &#8211; Przezotrzewnowa nefrektomia lewostronna, nerka marska (A. Bia\u0142eta, A. Ko\u0142odziej))<\/li>\n<\/ul>\n<ul>\n<video id=\"player3\" width=\"320\" mediaType=\"video\" preload=\"none\" controls src=\"https:\/\/bialeta.pl\/nefrektomia13\/nephrectomy13.flv\">\n<\/ul>\n<ul>\n<li>7 &#8211; Przezotrzewnowa nefrektomia lewostronna, gru\u017alica (A. Ko\u0142odziej, A. Bia\u0142eta)<\/li>\n<\/ul>\n<ul>\n<video id=\"player3\" width=\"320\" mediaType=\"video\" preload=\"none\" controls src=\"https:\/\/bialeta.pl\/nefrektomia14\/nephrectomy14.flv\">\n<\/ul>\n<ul>\n<li>6 &#8211; Przezotrzewnowa nefrektomia lewostronna (A. Bia\u0142eta, P Kalinowski)<\/li>\n<\/ul>\n<ul>\n<video id=\"player3\" width=\"320\" mediaType=\"video\" preload=\"none\" controls src=\"https:\/\/bialeta.pl\/nefrektomia15\/nephrectomy15.flv\">\n<\/ul>\n<ul>\n<li>5 &#8211; Przezotrzewnowa nefrektomia prawostronna (A. Bia\u0142eta, P Kalinowski)<\/li>\n<\/ul>\n<ul>\n<video id=\"player3\" width=\"320\" mediaType=\"video\" preload=\"none\" controls src=\"https:\/\/bialeta.pl\/nefrektomia22\/nephrectomy22.flv\">\n<\/ul>\n<ul>\n<li>4 &#8211; Przezotrzewnowa nefrektomia lewostronna (A. Bia\u0142eta, P Kalinowski)<\/li>\n<\/ul>\n<ul>\n<video id=\"player3\" width=\"320\" mediaType=\"video\" preload=\"none\" controls src=\"https:\/\/bialeta.pl\/nefrektomia23\/nephrectomy23.flv\">\n<\/ul>\n<ul>\n<li>3 &#8211; Przezotrzewnowa nefrektomia lewostronna (A. Bia\u0142eta, P Kalinowski)<\/li>\n<\/ul>\n<ul>\n<video id=\"player3\" width=\"320\" mediaType=\"video\" preload=\"none\" controls src=\"https:\/\/bialeta.pl\/nefrektomia24\/nephrectomy24.flv\">\n<\/ul>\n<ul>\n<li>2 &#8211; Przezotrzewnowa nefrektomia lewostronna (A. Bia\u0142eta, A. Ko\u0142odziej)<\/li>\n<\/ul>\n<ul>\n<video id=\"player3\" width=\"320\" mediaType=\"video\" preload=\"none\" controls src=\"https:\/\/bialeta.pl\/nefrektomia25\/nephrectomy25.flv\">\n<\/ul>\n<ul>\n<li>1 &#8211; Przezotrzewnowa nefrektomia prawostronna (nerka po  pieloplastyce A-H, pielolitotomii i kilku zabiegach PCNL (A. Bia\u0142eta, P. Kalinowski)<\/li>\n<\/ul>\n<ul>\n<video id=\"player3\" width=\"320\" mediaType=\"video\" preload=\"none\" controls src=\"https:\/\/bialeta.pl\/nefrektomia26\/nephrectomy26.flv\">\n<\/ul>\n<p><\/p>","protected":false},"excerpt":{"rendered":"<p>Nefrektomia to operacja, kt\u00f3rej celem jest usuni\u0119cie chorej nerki. Zabieg mo\u017cna przeprowadzi\u0107 w klasyczny, chirurgiczny spos\u00f3b technik\u0105 otwart\u0105, najcz\u0119\u015bciej z ci\u0119cia w okolicy l\u0119d\u017awiowej lub rzadziej pod\u017cebrowej, jednak obecnie nefrektomi\u0119 wykonujemy najcz\u0119\u015bciej technik\u0105 laparoskopow\u0105 lub retroperitoneoskopow\u0105. Je\u015bli nerka zaj\u0119ta jest przez nowotw\u00f3r zabieg jest bardziej rozleg\u0142y i opr\u00f3cz nerki usuwana&#8230;<\/p>\n","protected":false},"author":1,"featured_media":0,"parent":70,"menu_order":0,"comment_status":"closed","ping_status":"closed","template":"","meta":{"ngg_post_thumbnail":0,"footnotes":""},"class_list":["post-119","page","type-page","status-publish","hentry"],"_links":{"self":[{"href":"https:\/\/bialeta.pl\/wordpress\/wp-json\/wp\/v2\/pages\/119","targetHints":{"allow":["GET"]}}],"collection":[{"href":"https:\/\/bialeta.pl\/wordpress\/wp-json\/wp\/v2\/pages"}],"about":[{"href":"https:\/\/bialeta.pl\/wordpress\/wp-json\/wp\/v2\/types\/page"}],"author":[{"embeddable":true,"href":"https:\/\/bialeta.pl\/wordpress\/wp-json\/wp\/v2\/users\/1"}],"replies":[{"embeddable":true,"href":"https:\/\/bialeta.pl\/wordpress\/wp-json\/wp\/v2\/comments?post=119"}],"version-history":[{"count":157,"href":"https:\/\/bialeta.pl\/wordpress\/wp-json\/wp\/v2\/pages\/119\/revisions"}],"predecessor-version":[{"id":3577,"href":"https:\/\/bialeta.pl\/wordpress\/wp-json\/wp\/v2\/pages\/119\/revisions\/3577"}],"up":[{"embeddable":true,"href":"https:\/\/bialeta.pl\/wordpress\/wp-json\/wp\/v2\/pages\/70"}],"wp:attachment":[{"href":"https:\/\/bialeta.pl\/wordpress\/wp-json\/wp\/v2\/media?parent=119"}],"curies":[{"name":"wp","href":"https:\/\/api.w.org\/{rel}","templated":true}]}}