{"id":1217,"date":"2012-07-19T23:51:56","date_gmt":"2012-07-19T22:51:56","guid":{"rendered":"http:\/\/n.bialeta.pl\/wordpress\/?page_id=1217"},"modified":"2023-11-01T10:03:13","modified_gmt":"2023-11-01T09:03:13","slug":"laparoskopowa-diagnostyka-i-leczenie-wnetrostwa-brzusznego","status":"publish","type":"page","link":"https:\/\/bialeta.pl\/wordpress\/multimedia\/laparoskopowa-diagnostyka-i-leczenie-wnetrostwa-brzusznego","title":{"rendered":"Laparoskopowa diagnostyka i leczenie wn\u0119trostwa brzusznego"},"content":{"rendered":"<p><\/p>\n<p style=\"text-align: justify;\">Wn\u0119trostwo oznacza brak j\u0105dra lub j\u0105der w mosznie. Jest to wada rozwojowa polegaj\u0105ca na zatrzymaniu fizjologicznego zst\u0119powania j\u0105dra z jamy brzusznej do moszny. Wn\u0119trostwo mo\u017cna stwierdzi\u0107 w\u00f3wczas, kiedy po uko\u0144czeniu 1 roku \u017cycia ch\u0142opiec nie ma j\u0105dra lub obu j\u0105der w worku mosznowym. Najcz\u0119\u015bciej choroba stwierdzana jest przez pediatr\u00f3w i leczona przez urolog\u00f3w (chirurg\u00f3w) dzieci\u0119cych, takie post\u0119powanie daje najwi\u0119ksz\u0105 szans\u0119 na zachowanie czynno\u015bci generatywnej i hormonalnej j\u0105dra. Je\u015bli jednak brak j\u0105dra w mosznie zostanie we wczesnym dzieci\u0144stwie &#8222;przeoczony&#8221;, problem zauwa\u017ca dopiero dorastaj\u0105cy ch\u0142opak, a czasami dopiero doros\u0142y m\u0119\u017cczyzna. J\u0105dro niezst\u0105pione, rozpoznane w wieku dojrza\u0142ym nie ma \u017cadnej funkcji generatywnej (plemnikotw\u00f3rczej), pod tym wzgl\u0119dem jest uszkodzone, mo\u017ce jednak posiada\u0107 funkcj\u0119 hormonaln\u0105, o ile wielko\u015b\u0107 j\u0105dra jest &#8222;przyzwoita&#8221;. Generalnie im wy\u017cej na swojej drodze zst\u0119powania zatrzyma\u0142o si\u0119 j\u0105dro i im p\u00f3\u017aniej rozpoznana wada, tym funkcje j\u0105dra generatywne i hormonalne s\u0105 gorsze. Z tego wzgl\u0119du wyr\u00f3\u017cniamy wn\u0119trostwo brzuszne i pachwinowe. Ponadto niezst\u0105pione j\u0105dro bardziej nara\u017cone jest na rozw\u00f3j nowotworu. O ile zst\u0105pione j\u0105dro mo\u017cna w prosty spos\u00f3b zbada\u0107 palpacyjnie, o tyle j\u0105dro niezst\u0105pione, z wi\u0119kszym ryzykiem nowotworowym pozostaje niebadalne w ten spos\u00f3b. Podstawow\u0105 metoda diagnostyczn\u0105, opr\u00f3cz badania lekarskiego (fizykalnego) jest USG, kt\u00f3re z du\u017c\u0105 czu\u0142o\u015bci\u0105 potrafi zdiagnozowa\u0107 wn\u0119trostwo pachwinowe. Niestety, wn\u0119trostwo brzuszne nie da si\u0119 zdiagnozowa\u0107 metodami nieinwazyjnymi (USG, CT, NMR), oczywi\u015bcie je\u015bli wida\u0107 w USG j\u0105dro &#8222;brzuszne&#8221; to takie rozpoznanie mo\u017cna postawi\u0107, problem z wn\u0119trostwem, gdzie niezst\u0105pionego j\u0105dra nie wida\u0107 ani w brzuchu, ani w pachwinie. W takich sytuacjach z pomoc\u0105 przychodzi laparoskopia, kt\u00f3ra opr\u00f3cz mo\u017cliwo\u015bci diagnostycznych (wn\u0119trostwo brzuszne lub wrodzony brak j\u0105dra) pozwala jednocze\u015bnie na leczenie wn\u0119trostwa, najcz\u0119\u015bciej na usuni\u0119cie j\u0105dra niezst\u0105pionego.<\/p>\n<ul>\n<li>1 &#8211; Diagnostyczna laparoskopia wn\u0119trostwa &#8211; wrodzony brak j\u0105dra prawego (J. Mo\u017cd\u017cy\u0144ski, A. Bia\u0142eta)<\/li>\n<\/ul>\n<ul><video id=\"player3\" width=\"320\" mediaType=\"video\" preload=\"none\" controls src=\"http:\/\/bialeta.pl\/wnetrostwo1\/wnetrostwo1.flv\"><\/ul>\n<ul>\n<li>2 &#8211; Diagnostyczno-lecznicza laparoskopia wn\u0119trostwa &#8211; orchidektomia j\u0105dra brzusznego po prawej stronie (P. Kalinowski, A. Bia\u0142eta)<\/li>\n<\/ul>\n<ul><video id=\"player3\" width=\"320\" mediaType=\"video\" preload=\"none\" controls src=\"http:\/\/bialeta.pl\/wnetrostwo2\/wnetrostwo2.flv\"><\/ul>\n<p><\/p>","protected":false},"excerpt":{"rendered":"<p>Wn\u0119trostwo oznacza brak j\u0105dra lub j\u0105der w mosznie. Jest to wada rozwojowa polegaj\u0105ca na zatrzymaniu fizjologicznego zst\u0119powania j\u0105dra z jamy brzusznej do moszny. Wn\u0119trostwo mo\u017cna stwierdzi\u0107 w\u00f3wczas, kiedy po uko\u0144czeniu 1 roku \u017cycia ch\u0142opiec nie ma j\u0105dra lub obu j\u0105der w worku mosznowym. Najcz\u0119\u015bciej choroba stwierdzana jest przez pediatr\u00f3w i&#8230;<\/p>\n","protected":false},"author":1,"featured_media":0,"parent":70,"menu_order":0,"comment_status":"closed","ping_status":"closed","template":"","meta":{"ngg_post_thumbnail":0,"footnotes":""},"class_list":["post-1217","page","type-page","status-publish","hentry"],"_links":{"self":[{"href":"https:\/\/bialeta.pl\/wordpress\/wp-json\/wp\/v2\/pages\/1217","targetHints":{"allow":["GET"]}}],"collection":[{"href":"https:\/\/bialeta.pl\/wordpress\/wp-json\/wp\/v2\/pages"}],"about":[{"href":"https:\/\/bialeta.pl\/wordpress\/wp-json\/wp\/v2\/types\/page"}],"author":[{"embeddable":true,"href":"https:\/\/bialeta.pl\/wordpress\/wp-json\/wp\/v2\/users\/1"}],"replies":[{"embeddable":true,"href":"https:\/\/bialeta.pl\/wordpress\/wp-json\/wp\/v2\/comments?post=1217"}],"version-history":[{"count":10,"href":"https:\/\/bialeta.pl\/wordpress\/wp-json\/wp\/v2\/pages\/1217\/revisions"}],"predecessor-version":[{"id":3598,"href":"https:\/\/bialeta.pl\/wordpress\/wp-json\/wp\/v2\/pages\/1217\/revisions\/3598"}],"up":[{"embeddable":true,"href":"https:\/\/bialeta.pl\/wordpress\/wp-json\/wp\/v2\/pages\/70"}],"wp:attachment":[{"href":"https:\/\/bialeta.pl\/wordpress\/wp-json\/wp\/v2\/media?parent=1217"}],"curies":[{"name":"wp","href":"https:\/\/api.w.org\/{rel}","templated":true}]}}