{"id":1329,"date":"2013-11-22T22:58:46","date_gmt":"2013-11-22T21:58:46","guid":{"rendered":"http:\/\/n.bialeta.pl\/wordpress\/?page_id=1329"},"modified":"2017-10-05T22:49:39","modified_gmt":"2017-10-05T21:49:39","slug":"uretroplastyka-ventral-inlay-bmg","status":"publish","type":"page","link":"https:\/\/bialeta.pl\/wordpress\/uretroplastyka\/uretroplastyka-ventral-inlay-bmg","title":{"rendered":"Uretroplastyka Ventral Onlay BMG"},"content":{"rendered":"<p><\/p>\n<p style=\"text-align: justify;\">Technika &#8222;Ventral Onlay&#8221; polega na wszyciu \u0142aty ze \u015bluz\u00f3wki policzka bezpo\u015brednio do brzeg\u00f3w \u015bluz\u00f3wki naci\u0119tej brzusznie cewki moczowej i pokryciu przeszczepu cia\u0142em g\u0105bczastym. Tego typu zabieg mo\u017cliwy jest do wykonania u pacjent\u00f3w ze zw\u0119\u017ceniem cewki w proksymalnym odcinku opuszkowym, bez urazu w wywiadzie, najlepiej u m\u0142odych m\u0119\u017cczyzn ze zw\u0119\u017ceniem idiopatycznym. Podstawa sukcesu polega na tym, \u017ce proksymalny odcinek cewki opuszkowej obj\u0119ty jest grubym cia\u0142em g\u0105bczastym gwarantuj\u0105cym bardzo dobre ukrwienie graftu. Niezb\u0119dnym warunkiem poprawnego gojenia jest zw\u0119\u017cenie idiopatyczne, bez w\u0142\u00f3knienia zwi\u0105zanego z przebytym urazem, najlepiej bez wykonywanych wcze\u015bniej uretrotomii.<br \/>\nngg_shortcode_0_placeholder<\/p>\n<p><\/p>","protected":false},"excerpt":{"rendered":"<p>Technika &#8222;Ventral Onlay&#8221; polega na wszyciu \u0142aty ze \u015bluz\u00f3wki policzka bezpo\u015brednio do brzeg\u00f3w \u015bluz\u00f3wki naci\u0119tej brzusznie cewki moczowej i pokryciu przeszczepu cia\u0142em g\u0105bczastym. Tego typu zabieg mo\u017cliwy jest do wykonania u pacjent\u00f3w ze zw\u0119\u017ceniem cewki w proksymalnym odcinku opuszkowym, bez urazu w wywiadzie, najlepiej u m\u0142odych m\u0119\u017cczyzn ze zw\u0119\u017ceniem idiopatycznym&#8230;.<\/p>\n","protected":false},"author":1,"featured_media":0,"parent":199,"menu_order":0,"comment_status":"closed","ping_status":"closed","template":"","meta":{"ngg_post_thumbnail":0,"footnotes":""},"class_list":["post-1329","page","type-page","status-publish","hentry"],"_links":{"self":[{"href":"https:\/\/bialeta.pl\/wordpress\/wp-json\/wp\/v2\/pages\/1329","targetHints":{"allow":["GET"]}}],"collection":[{"href":"https:\/\/bialeta.pl\/wordpress\/wp-json\/wp\/v2\/pages"}],"about":[{"href":"https:\/\/bialeta.pl\/wordpress\/wp-json\/wp\/v2\/types\/page"}],"author":[{"embeddable":true,"href":"https:\/\/bialeta.pl\/wordpress\/wp-json\/wp\/v2\/users\/1"}],"replies":[{"embeddable":true,"href":"https:\/\/bialeta.pl\/wordpress\/wp-json\/wp\/v2\/comments?post=1329"}],"version-history":[{"count":6,"href":"https:\/\/bialeta.pl\/wordpress\/wp-json\/wp\/v2\/pages\/1329\/revisions"}],"predecessor-version":[{"id":2146,"href":"https:\/\/bialeta.pl\/wordpress\/wp-json\/wp\/v2\/pages\/1329\/revisions\/2146"}],"up":[{"embeddable":true,"href":"https:\/\/bialeta.pl\/wordpress\/wp-json\/wp\/v2\/pages\/199"}],"wp:attachment":[{"href":"https:\/\/bialeta.pl\/wordpress\/wp-json\/wp\/v2\/media?parent=1329"}],"curies":[{"name":"wp","href":"https:\/\/api.w.org\/{rel}","templated":true}]}}