{"id":1340,"date":"2014-01-11T01:09:42","date_gmt":"2014-01-11T00:09:42","guid":{"rendered":"http:\/\/n.bialeta.pl\/wordpress\/?page_id=1340"},"modified":"2014-01-17T00:11:48","modified_gmt":"2014-01-16T23:11:48","slug":"rekonstrukcja-sloniowacizny-moszny","status":"publish","type":"page","link":"https:\/\/bialeta.pl\/wordpress\/artykuly\/rekonstrukcja-sloniowacizny-moszny","title":{"rendered":"Rekonstrukcja s\u0142oniowacizny moszny"},"content":{"rendered":"<p><\/p>\n<p style=\"text-align: justify;\">Pacjent lat 47 zg\u0142osi\u0142 si\u0119 do ambulatorium z powodu ogromnej moszny, kt\u00f3ra powi\u0119kszy\u0142a si\u0119 wskutek wielkiej przepukliny pachwinowej. Przepuklina pojawi\u0142a si\u0119, kiedy chory by\u0142 patologicznie oty\u0142y, wa\u017cy\u0142 w\u00f3wczas oko\u0142o 150kg, nast\u0119pnie, schud\u0142 ponad 60 kg i zosta\u0142 poddany operacji przepukliny. Po operacji przepukliny i schudni\u0119ciu pozosta\u0142 jednak nadmiar sk\u00f3ry w okolicy moszny i podbrzusza. Gabaryty moszny i &#8222;fartuch&#8221; nadmiaru sk\u00f3ry podbrzusza utrudnia\u0142y pacjentowi codzienne funkcjonowanie. Zg\u0142osi\u0142 si\u0119 z pytaniem o mo\u017cliwo\u015b\u0107 wykonania zabiegu plastycznego, kt\u00f3rego celem mia\u0142a by\u0107 redukcja sk\u00f3ry podbrzusza i moszny.<br \/>\nZabieg rekonstrukcyjny zosta\u0142 przeprowadzony, a jego etapy przedstawione zosta\u0142y w dokumentacji fotograficznej.<br \/>\nngg_shortcode_0_placeholder<\/p>\n<p><\/p>","protected":false},"excerpt":{"rendered":"<p>Pacjent lat 47 zg\u0142osi\u0142 si\u0119 do ambulatorium z powodu ogromnej moszny, kt\u00f3ra powi\u0119kszy\u0142a si\u0119 wskutek wielkiej przepukliny pachwinowej. Przepuklina pojawi\u0142a si\u0119, kiedy chory by\u0142 patologicznie oty\u0142y, wa\u017cy\u0142 w\u00f3wczas oko\u0142o 150kg, nast\u0119pnie, schud\u0142 ponad 60 kg i zosta\u0142 poddany operacji przepukliny. Po operacji przepukliny i schudni\u0119ciu pozosta\u0142 jednak nadmiar sk\u00f3ry w&#8230;<\/p>\n","protected":false},"author":1,"featured_media":0,"parent":63,"menu_order":0,"comment_status":"closed","ping_status":"closed","template":"","meta":{"ngg_post_thumbnail":0,"footnotes":""},"class_list":["post-1340","page","type-page","status-publish","hentry"],"_links":{"self":[{"href":"https:\/\/bialeta.pl\/wordpress\/wp-json\/wp\/v2\/pages\/1340","targetHints":{"allow":["GET"]}}],"collection":[{"href":"https:\/\/bialeta.pl\/wordpress\/wp-json\/wp\/v2\/pages"}],"about":[{"href":"https:\/\/bialeta.pl\/wordpress\/wp-json\/wp\/v2\/types\/page"}],"author":[{"embeddable":true,"href":"https:\/\/bialeta.pl\/wordpress\/wp-json\/wp\/v2\/users\/1"}],"replies":[{"embeddable":true,"href":"https:\/\/bialeta.pl\/wordpress\/wp-json\/wp\/v2\/comments?post=1340"}],"version-history":[{"count":5,"href":"https:\/\/bialeta.pl\/wordpress\/wp-json\/wp\/v2\/pages\/1340\/revisions"}],"predecessor-version":[{"id":1355,"href":"https:\/\/bialeta.pl\/wordpress\/wp-json\/wp\/v2\/pages\/1340\/revisions\/1355"}],"up":[{"embeddable":true,"href":"https:\/\/bialeta.pl\/wordpress\/wp-json\/wp\/v2\/pages\/63"}],"wp:attachment":[{"href":"https:\/\/bialeta.pl\/wordpress\/wp-json\/wp\/v2\/media?parent=1340"}],"curies":[{"name":"wp","href":"https:\/\/api.w.org\/{rel}","templated":true}]}}