{"id":154,"date":"2011-12-30T23:27:52","date_gmt":"2011-12-30T22:27:52","guid":{"rendered":"http:\/\/n.bialeta.pl\/wordpress\/?page_id=154"},"modified":"2020-07-17T23:52:51","modified_gmt":"2020-07-17T22:52:51","slug":"konsultacje","status":"publish","type":"page","link":"https:\/\/bialeta.pl\/wordpress\/konsultacje","title":{"rendered":"Konsultacje"},"content":{"rendered":"<p><br \/>\n<a title=\"Wojew\u00f3dzki Szpital Specjalistyczny we W\u0142oc\u0142awku\" href=\"http:\/\/szpital.wloclawek.pl\/\" target=\"_blank\" rel=\"noopener noreferrer\"> <strong>Wojew\u00f3dzki Szpital Specjalistyczny we W\u0142oc\u0142awku<br \/>\nOddzia\u0142 Urologii <\/strong><\/a><br \/>\n<strong>ul. Wieniecka 49, 87-800 W\u0142oc\u0142awek<br \/>\ntel: +48 54 4129484; +48 54 4129373<\/strong><\/p>\n<p><a title=\"NZOZ Barska\" href=\"http:\/\/szpitalbarska.pl\" target=\"_blank\" rel=\"noopener noreferrer\"><br \/>\n<strong>NZOZ Szpital Specjalistyczny &#8222;Barska&#8221;<\/strong><\/a><br \/>\n<strong>ul. Barska 13, 87-800 W\u0142oc\u0142awek<br \/>\ntel: +48 54 2334000<\/strong><\/p>\n<p><a title=\"Diagmed-Plus\" href=\"http:\/\/diagmed.net\" target=\"_blank\" rel=\"noopener noreferrer\"><br \/>\n<strong>NZOZ &#8222;Diagmed-Plus&#8221;<\/strong><\/a><br \/>\n<strong>ul. Okrzei 66, 87-800 W\u0142oc\u0142awek<br \/>\ntel: +48 54 4111111; +48 54 4111222; +48 54 4111333<\/strong><\/p>\n<p><\/p>","protected":false},"excerpt":{"rendered":"<p>Wojew\u00f3dzki Szpital Specjalistyczny we W\u0142oc\u0142awku Oddzia\u0142 Urologii ul. Wieniecka 49, 87-800 W\u0142oc\u0142awek tel: +48 54 4129484; +48 54 4129373 NZOZ Szpital Specjalistyczny &#8222;Barska&#8221; ul. Barska 13, 87-800 W\u0142oc\u0142awek tel: +48 54 2334000 NZOZ &#8222;Diagmed-Plus&#8221; ul. Okrzei 66, 87-800 W\u0142oc\u0142awek tel: +48 54 4111111; +48 54 4111222; +48 54 4111333<\/p>\n","protected":false},"author":1,"featured_media":0,"parent":0,"menu_order":0,"comment_status":"closed","ping_status":"closed","template":"","meta":{"ngg_post_thumbnail":0,"footnotes":""},"class_list":["post-154","page","type-page","status-publish","hentry"],"_links":{"self":[{"href":"https:\/\/bialeta.pl\/wordpress\/wp-json\/wp\/v2\/pages\/154","targetHints":{"allow":["GET"]}}],"collection":[{"href":"https:\/\/bialeta.pl\/wordpress\/wp-json\/wp\/v2\/pages"}],"about":[{"href":"https:\/\/bialeta.pl\/wordpress\/wp-json\/wp\/v2\/types\/page"}],"author":[{"embeddable":true,"href":"https:\/\/bialeta.pl\/wordpress\/wp-json\/wp\/v2\/users\/1"}],"replies":[{"embeddable":true,"href":"https:\/\/bialeta.pl\/wordpress\/wp-json\/wp\/v2\/comments?post=154"}],"version-history":[{"count":50,"href":"https:\/\/bialeta.pl\/wordpress\/wp-json\/wp\/v2\/pages\/154\/revisions"}],"predecessor-version":[{"id":2886,"href":"https:\/\/bialeta.pl\/wordpress\/wp-json\/wp\/v2\/pages\/154\/revisions\/2886"}],"wp:attachment":[{"href":"https:\/\/bialeta.pl\/wordpress\/wp-json\/wp\/v2\/media?parent=154"}],"curies":[{"name":"wp","href":"https:\/\/api.w.org\/{rel}","templated":true}]}}