{"id":1630,"date":"2017-10-05T19:10:21","date_gmt":"2017-10-05T18:10:21","guid":{"rendered":"http:\/\/n.bialeta.pl\/wordpress\/?page_id=1630"},"modified":"2021-05-16T12:25:08","modified_gmt":"2021-05-16T11:25:08","slug":"augmented-anastomotic-bmg-urethroplasty","status":"publish","type":"page","link":"https:\/\/bialeta.pl\/wordpress\/uretroplastyka\/augmented-anastomotic-bmg-urethroplasty","title":{"rendered":"Uretroplastyka zespoleniowa z augmentacj\u0105 BMG"},"content":{"rendered":"<p><\/p>\n<p align=\"justify\">Plastyka zespoleniowa cewki z uzupe\u0142nieniem przeszczepem \u015bluz\u00f3wki policzka (Augmented anastomotic BMG urethroplasty) pozwala na odtworzenie ci\u0105g\u0142o\u015bci cewki po wyci\u0119ciu nawet 4-5cm zw\u0119\u017cenia cewki. Wykona\u0107 j\u0105 mo\u017cna po wyci\u0119ciu zw\u0119\u017conego, zw\u0142\u00f3knia\u0142ego odcinka cewki, je\u015bli beznapi\u0119ciowe zespolenie obu ko\u0144c\u00f3w jest niemo\u017cliwe ze wzgl\u0119du na napi\u0119cie kikut\u00f3w i obaw\u0119 o niedokrwienie zespolenia. Oba kikuty cewki nacinane (zespatulowane) s\u0105 po tej samej, grzbietowej stronie. Brzuszna cz\u0119\u015b\u0107 obwodu cewki zostaje po\u0142\u0105czona szwem, a dno odtworzonej cewki, w kszta\u0142cie rombu, po zespatulowanej stronie uzupe\u0142nione zostaje przeszczepem \u015bluz\u00f3wkowym. Poszczeg\u00f3lne kroki tego zabiegu za\u0142\u0105czone s\u0105 w galerii<\/p>\n<p>ngg_shortcode_0_placeholder<\/p>","protected":false},"excerpt":{"rendered":"<p>Plastyka zespoleniowa cewki z uzupe\u0142nieniem przeszczepem \u015bluz\u00f3wki policzka (Augmented anastomotic BMG urethroplasty) pozwala na odtworzenie ci\u0105g\u0142o\u015bci cewki po wyci\u0119ciu nawet 4-5cm zw\u0119\u017cenia cewki. Wykona\u0107 j\u0105 mo\u017cna po wyci\u0119ciu zw\u0119\u017conego, zw\u0142\u00f3knia\u0142ego odcinka cewki, je\u015bli beznapi\u0119ciowe zespolenie obu ko\u0144c\u00f3w jest niemo\u017cliwe ze wzgl\u0119du na napi\u0119cie kikut\u00f3w i obaw\u0119 o niedokrwienie zespolenia. Oba&#8230;<\/p>\n","protected":false},"author":1,"featured_media":0,"parent":199,"menu_order":0,"comment_status":"closed","ping_status":"closed","template":"","meta":{"ngg_post_thumbnail":0,"footnotes":""},"class_list":["post-1630","page","type-page","status-publish","hentry"],"_links":{"self":[{"href":"https:\/\/bialeta.pl\/wordpress\/wp-json\/wp\/v2\/pages\/1630","targetHints":{"allow":["GET"]}}],"collection":[{"href":"https:\/\/bialeta.pl\/wordpress\/wp-json\/wp\/v2\/pages"}],"about":[{"href":"https:\/\/bialeta.pl\/wordpress\/wp-json\/wp\/v2\/types\/page"}],"author":[{"embeddable":true,"href":"https:\/\/bialeta.pl\/wordpress\/wp-json\/wp\/v2\/users\/1"}],"replies":[{"embeddable":true,"href":"https:\/\/bialeta.pl\/wordpress\/wp-json\/wp\/v2\/comments?post=1630"}],"version-history":[{"count":66,"href":"https:\/\/bialeta.pl\/wordpress\/wp-json\/wp\/v2\/pages\/1630\/revisions"}],"predecessor-version":[{"id":2983,"href":"https:\/\/bialeta.pl\/wordpress\/wp-json\/wp\/v2\/pages\/1630\/revisions\/2983"}],"up":[{"embeddable":true,"href":"https:\/\/bialeta.pl\/wordpress\/wp-json\/wp\/v2\/pages\/199"}],"wp:attachment":[{"href":"https:\/\/bialeta.pl\/wordpress\/wp-json\/wp\/v2\/media?parent=1630"}],"curies":[{"name":"wp","href":"https:\/\/api.w.org\/{rel}","templated":true}]}}