{"id":177,"date":"2011-12-31T00:39:05","date_gmt":"2011-12-30T23:39:05","guid":{"rendered":"http:\/\/n.bialeta.pl\/wordpress\/?page_id=177"},"modified":"2012-01-14T23:54:09","modified_gmt":"2012-01-14T22:54:09","slug":"endoskopia","status":"publish","type":"page","link":"https:\/\/bialeta.pl\/wordpress\/endoskopia","title":{"rendered":"Endoskopia"},"content":{"rendered":"<p><\/p>\n<p style=\"text-align: justify;\"><strong>Endoskopia<\/strong> to wziernikowanie, ogl\u0105danie wn\u0119trza cia\u0142a za pomoc\u0105 kamer wyposa\u017conych w \u017ar\u00f3d\u0142o \u015bwiat\u0142a. Endoskopi\u0105 jest gastroskopia (\u017co\u0142\u0105dek), kolonoskopia (jelito), bronchoskopia (oskrzela), cystoskopia (p\u0119cherz), uretrorenoskopia (moczow\u00f3d), nefroskopia (nerka) itp&#8230; Wraz z rozwojem techniki i mikronizacj\u0105 przetwornik\u00f3w obrazu oraz \u017ar\u00f3de\u0142 \u015bwiat\u0142a mo\u017cliwe staje si\u0119 zagl\u0105danie w najdalsze zakamarki naszego cia\u0142a. Ogl\u0105danie wn\u0119trza narz\u0105du daje wnioski diagnostyczne, ale du\u017co bardziej skomplikowane jest wykonywanie manipulacji leczniczych w obr\u0119bie wziernikowanego narz\u0105du. Cz\u0119sto endoskop jak i narz\u0119dzia musz\u0105 mie\u0107 mo\u017cliwo\u015b\u0107 wyginania, przy tym musz\u0105 by\u0107 jak najcie\u0144sze i jednocze\u015bnie jak najbardziej wytrzyma\u0142e, aby nie dosz\u0142o do od\u0142amania, czy odpry\u015bni\u0119cia cz\u0119\u015bci narz\u0119dzia wewn\u0105trz ogl\u0105danego narz\u0105du. Takie mo\u017cliwo\u015bci wykonywania zabieg\u00f3w pozwoli\u0142y unikn\u0105\u0107 ci\u0119\u0107, blizn i b\u00f3lu pooperacyjnego, ale wymagania stawiene urz\u0105dzeniom endoskopowym skutkuj\u0105 ich bardzo wysok\u0105 cen\u0105. Specjalno\u015b\u0107 urologiczna jako pierwsza zacz\u0119\u0142a wykorzystywa\u0107 i upowszechni\u0142a zdobycze endoskopii w medycynie, dzi\u0119ki temu dzisiaj, wraz z wprowadzeniem do leczenia laparoskopii, prawie 95% urologicznych zabieg\u00f3w leczniczych wykonywanych jest w technice endoskopowej.<\/p>\n<p><\/p>","protected":false},"excerpt":{"rendered":"<p>Endoskopia to wziernikowanie, ogl\u0105danie wn\u0119trza cia\u0142a za pomoc\u0105 kamer wyposa\u017conych w \u017ar\u00f3d\u0142o \u015bwiat\u0142a. Endoskopi\u0105 jest gastroskopia (\u017co\u0142\u0105dek), kolonoskopia (jelito), bronchoskopia (oskrzela), cystoskopia (p\u0119cherz), uretrorenoskopia (moczow\u00f3d), nefroskopia (nerka) itp&#8230; Wraz z rozwojem techniki i mikronizacj\u0105 przetwornik\u00f3w obrazu oraz \u017ar\u00f3de\u0142 \u015bwiat\u0142a mo\u017cliwe staje si\u0119 zagl\u0105danie w najdalsze zakamarki naszego cia\u0142a. Ogl\u0105danie wn\u0119trza&#8230;<\/p>\n","protected":false},"author":1,"featured_media":0,"parent":0,"menu_order":0,"comment_status":"closed","ping_status":"closed","template":"","meta":{"ngg_post_thumbnail":0,"footnotes":""},"class_list":["post-177","page","type-page","status-publish","hentry"],"_links":{"self":[{"href":"https:\/\/bialeta.pl\/wordpress\/wp-json\/wp\/v2\/pages\/177","targetHints":{"allow":["GET"]}}],"collection":[{"href":"https:\/\/bialeta.pl\/wordpress\/wp-json\/wp\/v2\/pages"}],"about":[{"href":"https:\/\/bialeta.pl\/wordpress\/wp-json\/wp\/v2\/types\/page"}],"author":[{"embeddable":true,"href":"https:\/\/bialeta.pl\/wordpress\/wp-json\/wp\/v2\/users\/1"}],"replies":[{"embeddable":true,"href":"https:\/\/bialeta.pl\/wordpress\/wp-json\/wp\/v2\/comments?post=177"}],"version-history":[{"count":4,"href":"https:\/\/bialeta.pl\/wordpress\/wp-json\/wp\/v2\/pages\/177\/revisions"}],"predecessor-version":[{"id":558,"href":"https:\/\/bialeta.pl\/wordpress\/wp-json\/wp\/v2\/pages\/177\/revisions\/558"}],"wp:attachment":[{"href":"https:\/\/bialeta.pl\/wordpress\/wp-json\/wp\/v2\/media?parent=177"}],"curies":[{"name":"wp","href":"https:\/\/api.w.org\/{rel}","templated":true}]}}