{"id":1885,"date":"2018-06-06T23:02:35","date_gmt":"2018-06-06T22:02:35","guid":{"rendered":"http:\/\/n.bialeta.pl\/wordpress\/?page_id=1885"},"modified":"2023-11-01T09:38:25","modified_gmt":"2023-11-01T08:38:25","slug":"przeszczep-moczowodu","status":"publish","type":"page","link":"https:\/\/bialeta.pl\/wordpress\/multimedia\/przeszczep-moczowodu","title":{"rendered":"Przeszczep moczowodu"},"content":{"rendered":"<p><\/p>\n<p style=\"text-align: justify;\">Po powik\u0142anych zabiegach ginekologicznych dochodzi czasami do zamkni\u0119cia \u015bwiat\u0142a moczowodu. W takiej sytuacji pojawia si\u0119 wodonercze, kt\u00f3re dora\u017anie leczy si\u0119 wytworzeniem nefrostomii w celu ochrony funkcji nerki. Po pewnym czasie, z regu\u0142y po 3 miesi\u0105cach, wykonuje si\u0119 pielografi\u0119 i je\u015bli po tym okresie nadal stwierdza si\u0119 niedro\u017cno\u015b\u0107 moczowodu pacjentka kwalifikowana jest do zabiegu operacyjnego polegaj\u0105cego na odci\u0119ciu moczowodu na poziomie zw\u0119\u017cenia oraz przeszczepieniu go na nowo do p\u0119cherza. W zale\u017cno\u015bci od napi\u0119cia moczowodu po wykonaniu zespolenia czasami potrzebny jest manewr &#8222;psoas hitch&#8221; polegaj\u0105cy na przyszyciu \u015bciany p\u0119cherza do mi\u0119\u015bnia biodrowo-l\u0119d\u017awiowego w celu odci\u0105\u017cenia zespolenia moczowodowo-p\u0119cherzowego. W trakcie operacji do moczowodu wprowadzany jest stent JJ, kt\u00f3ry u\u0142atwia zagojenie zespolenia. Po kilku dniach usuwana jest nefrostomia, stent JJ usuwany jest po 3-4 tygodniach, a pacjentka zaczyna normalne \u017cycie, bez cewnik\u00f3w, dren\u00f3w i work\u00f3w.<\/p>\n<ul>\n<li>1 &#8211; Przeszczepienie lewego moczowodu z manewrem psoas hitch po powik\u0142anej histerektomii (A. Bia\u0142eta, K. Lebiedzi\u0144ski, A. Ko\u0142odziej)<\/li>\n<\/ul>\n<ul><video id=\"player3\" width=\"320\" mediaType=\"video\" preload=\"none\" controls src=\"http:\/\/bialeta.pl\/ureterocystoneoanast_01\/ureterocystoneo-1.mp4\"><\/ul>\n<ul>\n<li>2 &#8211; Przeszczepienie lewego moczowodu z manewrem psoas hitch po powik\u0142anym URSL (A. Bia\u0142eta, \u0141. Lizut)<\/li>\n<\/ul>\n<ul><video id=\"player3\" width=\"320\" mediaType=\"video\" preload=\"none\" controls src=\"http:\/\/bialeta.pl\/ureterocystoneoanast_02\/ureterocystoneo-2.mp4\"><\/ul>\n<ul>\n<li>3 &#8211; Przeszczepienie lewego moczowodu z manewrem psoas hitch po powik\u0142anej histerektomii (A. Bia\u0142eta, A. Ko\u0142odziej)<\/li>\n<\/ul>\n<ul><video id=\"player3\" width=\"320\" mediaType=\"video\" preload=\"none\" controls src=\"http:\/\/bialeta.pl\/ureterocystoneoanast_03\/ureterocystoneo-3.mp4\"><\/ul>\n<p><\/p>","protected":false},"excerpt":{"rendered":"<p>Po powik\u0142anych zabiegach ginekologicznych dochodzi czasami do zamkni\u0119cia \u015bwiat\u0142a moczowodu. W takiej sytuacji pojawia si\u0119 wodonercze, kt\u00f3re dora\u017anie leczy si\u0119 wytworzeniem nefrostomii w celu ochrony funkcji nerki. Po pewnym czasie, z regu\u0142y po 3 miesi\u0105cach, wykonuje si\u0119 pielografi\u0119 i je\u015bli po tym okresie nadal stwierdza si\u0119 niedro\u017cno\u015b\u0107 moczowodu pacjentka kwalifikowana&#8230;<\/p>\n","protected":false},"author":1,"featured_media":0,"parent":70,"menu_order":0,"comment_status":"closed","ping_status":"closed","template":"","meta":{"ngg_post_thumbnail":0,"footnotes":""},"class_list":["post-1885","page","type-page","status-publish","hentry"],"_links":{"self":[{"href":"https:\/\/bialeta.pl\/wordpress\/wp-json\/wp\/v2\/pages\/1885","targetHints":{"allow":["GET"]}}],"collection":[{"href":"https:\/\/bialeta.pl\/wordpress\/wp-json\/wp\/v2\/pages"}],"about":[{"href":"https:\/\/bialeta.pl\/wordpress\/wp-json\/wp\/v2\/types\/page"}],"author":[{"embeddable":true,"href":"https:\/\/bialeta.pl\/wordpress\/wp-json\/wp\/v2\/users\/1"}],"replies":[{"embeddable":true,"href":"https:\/\/bialeta.pl\/wordpress\/wp-json\/wp\/v2\/comments?post=1885"}],"version-history":[{"count":19,"href":"https:\/\/bialeta.pl\/wordpress\/wp-json\/wp\/v2\/pages\/1885\/revisions"}],"predecessor-version":[{"id":3595,"href":"https:\/\/bialeta.pl\/wordpress\/wp-json\/wp\/v2\/pages\/1885\/revisions\/3595"}],"up":[{"embeddable":true,"href":"https:\/\/bialeta.pl\/wordpress\/wp-json\/wp\/v2\/pages\/70"}],"wp:attachment":[{"href":"https:\/\/bialeta.pl\/wordpress\/wp-json\/wp\/v2\/media?parent=1885"}],"curies":[{"name":"wp","href":"https:\/\/api.w.org\/{rel}","templated":true}]}}