{"id":1914,"date":"2018-08-11T19:56:48","date_gmt":"2018-08-11T18:56:48","guid":{"rendered":"http:\/\/n.bialeta.pl\/wordpress\/?page_id=1914"},"modified":"2023-11-01T08:26:03","modified_gmt":"2023-11-01T07:26:03","slug":"cystektomia-radykalna","status":"publish","type":"page","link":"https:\/\/bialeta.pl\/wordpress\/multimedia\/cystektomia-radykalna","title":{"rendered":"Laparoskopowa cystektomia radykalna"},"content":{"rendered":"<p><\/p>\n<ul>\n<p style=\"text-align: justify;\">Radykalne usuni\u0119cie p\u0119cherza moczowego<\/p>\n<\/ul>\n<ul>\n<li>12 &#8211; Laparoskopowa radykalna cystektomia z rozszerzon\u0105 limfedenektomi\u0105 (od rozdwojenia aorty) u m\u0119\u017cczyzny z odprowadzeniem moczu wstawk\u0105 Brickera pT2N0M0. (A. Bia\u0142eta, P. Winczakiewicz)<\/li>\n<\/ul>\n<ul><video id=\"player3\" width=\"320\" mediaType=\"video\" preload=\"none\" controls src=\"https:\/\/bialeta.pl\/cystektomia_12\/cystektomia_12.mp4\"><\/ul>\n<ul>\n<li>11 &#8211; Laparoskopowa radykalna cystektomia z rozszerzon\u0105 limfedenektomi\u0105 u m\u0119\u017cczyzny (BMI=38) z odprowadzeniem moczu wstawk\u0105 Brickera pT1N0M0. (A. Bia\u0142eta, J. Mo\u017cd\u017cy\u0144ski)<\/li>\n<\/ul>\n<ul><video id=\"player3\" width=\"320\" mediaType=\"video\" preload=\"none\" controls src=\"https:\/\/bialeta.pl\/cystektomia_11\/cystektomia_11.mp4\"><\/ul>\n<ul>\n<li>10 &#8211; Laparoskopowa radykalna cystektomia z rozszerzon\u0105 limfedenektomi\u0105 (od rozdwojenia aorty) u m\u0119\u017cczyzny z odprowadzeniem moczu wstawk\u0105 Brickera pT1N0M0. (A. Bia\u0142eta, J. Mo\u017cd\u017cy\u0144ski)<\/li>\n<\/ul>\n<ul><video id=\"player3\" width=\"320\" mediaType=\"video\" preload=\"none\" controls src=\"https:\/\/bialeta.pl\/cystektomia_10\/cystektomia_10.mp4\"><\/ul>\n<ul>\n<li>9 &#8211; Laparoskopowa radykalna cystektomia z rozszerzon\u0105 limfedenektomi\u0105 (od rozdwojenia aorty) u m\u0119\u017cczyzny z odprowadzeniem moczu wstawk\u0105 Brickera pT1N0M0. (A. Bia\u0142eta, \u0141. Lizut, P. Winczakiewicz)<\/li>\n<\/ul>\n<ul><video id=\"player3\" width=\"320\" mediaType=\"video\" preload=\"none\" controls src=\"https:\/\/bialeta.pl\/cystektomia_09\/cystektomia_09.mp4\"><\/ul>\n<ul>\n<li>8 &#8211; Laparoskopowa radykalna cystektomia z rozszerzon\u0105 limfedenektomi\u0105 (od rozdwojenia aorty) u kobiety po usuni\u0119ciu macicy z odprowadzeniem moczu wstawk\u0105 Brickera pT2N0M0. (A. Bia\u0142eta, J. Mo\u017cd\u017cy\u0144ski, \u0141. Lizut)<\/li>\n<\/ul>\n<ul><video id=\"player3\" width=\"320\" mediaType=\"video\" preload=\"none\" controls src=\"https:\/\/bialeta.pl\/cystektomia_08\/cystektomia_08.mp4\"><\/ul>\n<ul>\n<li>7 &#8211; Laparoskopowa radykalna cystektomia z rozszerzon\u0105 limfedenektomi\u0105 (od rozdwojenia aorty) u m\u0119\u017cczyzny z odprowadzeniem moczu wstawk\u0105 Brickera pT3bN0M0. (P. Kalinowski, A. Bia\u0142eta)<\/li>\n<\/ul>\n<ul><video id=\"player3\" width=\"320\" mediaType=\"video\" preload=\"none\" controls src=\"https:\/\/bialeta.pl\/cystektomia_07\/cystektomia_07.mp4\"><\/ul>\n<ul>\n<li>\n<ul>6 &#8211; Laparoskopowa radykalna cystektomia z rozszerzon\u0105 limfedenektomi\u0105 (od rozdwojenia aorty) u m\u0119\u017cczyzny z odprowadzeniem moczu wstawk\u0105 Brickera cT3bN0M0. (P. Kalinowski, A. Bia\u0142eta, J. Mo\u017cd\u017cy\u0144ski)<\/li>\n<\/ul>\n<ul><video id=\"player3\" width=\"320\" mediaType=\"video\" preload=\"none\" controls src=\"https:\/\/bialeta.pl\/cystektomia_06\/cystektomia_06.mp4\"><\/ul>\n<ul>\n<li>5 &#8211; Laparoskopowa radykalna cystektomia z rozszerzon\u0105 limfedenektomi\u0105 (od rozdwojenia aorty) u m\u0119\u017cczyzny z odprowadzeniem moczu wstawk\u0105 Brickera pT3bN2M0. (A. Bia\u0142eta,  A. Ko\u0142odziej)<\/li>\n<\/ul>\n<ul><video id=\"player3\" width=\"320\" mediaType=\"video\" preload=\"none\" controls src=\"https:\/\/bialeta.pl\/cystektomia_05\/cystektomia_05.mp4\"><\/ul>\n<ul>\n<li>4 &#8211; Laparoskopowa radykalna cystektomia z rozszerzon\u0105 limfedenektomi\u0105 (od rozdwojenia aorty) u kobiety. Ekstrakcja preparatu przez pochw\u0119. (A. Bia\u0142eta,  K. Lebiedzi\u0144ski)<\/li>\n<\/ul>\n<ul><video id=\"player3\" width=\"320\" mediaType=\"video\" preload=\"none\" controls src=\"https:\/\/bialeta.pl\/cystektomia_04\/cystektomia_04.mp4\"><\/ul>\n<ul>\n<li>3 &#8211; Laparoskopowa radykalna cystektomia z limfedenektomi\u0105 u kobiety. Nerka podkowiasta, zdwojenie prawego moczowodu. Ekstrakcja preparatu przez pochw\u0119. (A. Bia\u0142eta,  K. Lebiedzi\u0144ski)<\/li>\n<\/ul>\n<ul><video id=\"player3\" width=\"320\" mediaType=\"video\" preload=\"none\" controls src=\"https:\/\/bialeta.pl\/cystektomia_03\/cystektomia_03.mp4\"><\/ul>\n<ul>\n<li>2 &#8211; Laparoskopowa radykalna cystektomia z rozszerzon\u0105 limfedenektomi\u0105 u m\u0119\u017cczyzny (A. Bia\u0142eta,  J. Mo\u017cd\u017cy\u0144ski)<\/li>\n<\/ul>\n<ul><video id=\"player3\" width=\"320\" mediaType=\"video\" preload=\"none\" controls src=\"https:\/\/bialeta.pl\/cystektomia_02\/cystektomia_02.mp4\"><\/ul>\n<ul>\n<li>1 &#8211; Laparoskopowa radykalna cystektomia u kobiety z rozszerzon\u0105 limfedenektomi\u0105 (A. Bia\u0142eta,  A. Ko\u0142odziej)<\/li>\n<\/ul>\n<ul><video id=\"player3\" width=\"320\" mediaType=\"video\" preload=\"none\" controls src=\"https:\/\/bialeta.pl\/cystektomia_01\/cystektomia_01.mp4\"><\/ul>\n<p><\/p>","protected":false},"excerpt":{"rendered":"<p>Radykalne usuni\u0119cie p\u0119cherza moczowego 12 &#8211; Laparoskopowa radykalna cystektomia z rozszerzon\u0105 limfedenektomi\u0105 (od rozdwojenia aorty) u m\u0119\u017cczyzny z odprowadzeniem moczu wstawk\u0105 Brickera pT2N0M0. (A. Bia\u0142eta, P. Winczakiewicz) 11 &#8211; Laparoskopowa radykalna cystektomia z rozszerzon\u0105 limfedenektomi\u0105 u m\u0119\u017cczyzny (BMI=38) z odprowadzeniem moczu wstawk\u0105 Brickera pT1N0M0. (A. Bia\u0142eta, J. Mo\u017cd\u017cy\u0144ski) 10 &#8211;&#8230;<\/p>\n","protected":false},"author":1,"featured_media":0,"parent":70,"menu_order":0,"comment_status":"closed","ping_status":"closed","template":"","meta":{"ngg_post_thumbnail":0,"footnotes":""},"class_list":["post-1914","page","type-page","status-publish","hentry"],"_links":{"self":[{"href":"https:\/\/bialeta.pl\/wordpress\/wp-json\/wp\/v2\/pages\/1914","targetHints":{"allow":["GET"]}}],"collection":[{"href":"https:\/\/bialeta.pl\/wordpress\/wp-json\/wp\/v2\/pages"}],"about":[{"href":"https:\/\/bialeta.pl\/wordpress\/wp-json\/wp\/v2\/types\/page"}],"author":[{"embeddable":true,"href":"https:\/\/bialeta.pl\/wordpress\/wp-json\/wp\/v2\/users\/1"}],"replies":[{"embeddable":true,"href":"https:\/\/bialeta.pl\/wordpress\/wp-json\/wp\/v2\/comments?post=1914"}],"version-history":[{"count":23,"href":"https:\/\/bialeta.pl\/wordpress\/wp-json\/wp\/v2\/pages\/1914\/revisions"}],"predecessor-version":[{"id":3585,"href":"https:\/\/bialeta.pl\/wordpress\/wp-json\/wp\/v2\/pages\/1914\/revisions\/3585"}],"up":[{"embeddable":true,"href":"https:\/\/bialeta.pl\/wordpress\/wp-json\/wp\/v2\/pages\/70"}],"wp:attachment":[{"href":"https:\/\/bialeta.pl\/wordpress\/wp-json\/wp\/v2\/media?parent=1914"}],"curies":[{"name":"wp","href":"https:\/\/api.w.org\/{rel}","templated":true}]}}