{"id":1936,"date":"2018-10-04T23:48:13","date_gmt":"2018-10-04T22:48:13","guid":{"rendered":"http:\/\/n.bialeta.pl\/wordpress\/?page_id=1936"},"modified":"2023-11-01T00:22:59","modified_gmt":"2023-10-31T23:22:59","slug":"heminefrektomia","status":"publish","type":"page","link":"https:\/\/bialeta.pl\/wordpress\/multimedia\/heminefrektomia","title":{"rendered":"Heminefrektomia"},"content":{"rendered":"<p><\/p>\n<ul>\n<li>1 &#8211; Laparoskopowa resekcja dolnego segmentu lewej nerki (zdwojenie UKM-u i moczowodu z refluksem v-u, nefropati\u0105, wodonerczem i kamic\u0105) (A. Bia\u0142eta, A. Ko\u0142odziej)<\/li>\n<\/ul>\n<ul>\n<video id=\"player3\" width=\"320\" mediaType=\"video\" preload=\"none\" controls  src=\"http:\/\/bialeta.pl\/low_pole_resect_01\/left_renal_pol_resect.mp4\">\n<\/ul>\n<ul>\n<li>2 &#8211; Laparoskopowa resekcja g\u00f3rnego segmentu lewej nerki (zdwojenie UKM-u z wodonerczem\/roponerczem) (A. Bia\u0142eta, \u0141. Lizut)<\/li>\n<\/ul>\n<ul>\n<video id=\"player3\" width=\"320\" mediaType=\"video\" preload=\"none\" controls  src=\"http:\/\/bialeta.pl\/upper_pole_resect_01\/left_renal_pol_resect_01.mp4\">\n<\/ul>\n<p><\/p>","protected":false},"excerpt":{"rendered":"<p>1 &#8211; Laparoskopowa resekcja dolnego segmentu lewej nerki (zdwojenie UKM-u i moczowodu z refluksem v-u, nefropati\u0105, wodonerczem i kamic\u0105) (A. Bia\u0142eta, A. Ko\u0142odziej) 2 &#8211; Laparoskopowa resekcja g\u00f3rnego segmentu lewej nerki (zdwojenie UKM-u z wodonerczem\/roponerczem) (A. Bia\u0142eta, \u0141. Lizut)<\/p>\n","protected":false},"author":1,"featured_media":0,"parent":70,"menu_order":0,"comment_status":"closed","ping_status":"closed","template":"","meta":{"ngg_post_thumbnail":0,"footnotes":""},"class_list":["post-1936","page","type-page","status-publish","hentry"],"_links":{"self":[{"href":"https:\/\/bialeta.pl\/wordpress\/wp-json\/wp\/v2\/pages\/1936","targetHints":{"allow":["GET"]}}],"collection":[{"href":"https:\/\/bialeta.pl\/wordpress\/wp-json\/wp\/v2\/pages"}],"about":[{"href":"https:\/\/bialeta.pl\/wordpress\/wp-json\/wp\/v2\/types\/page"}],"author":[{"embeddable":true,"href":"https:\/\/bialeta.pl\/wordpress\/wp-json\/wp\/v2\/users\/1"}],"replies":[{"embeddable":true,"href":"https:\/\/bialeta.pl\/wordpress\/wp-json\/wp\/v2\/comments?post=1936"}],"version-history":[{"count":39,"href":"https:\/\/bialeta.pl\/wordpress\/wp-json\/wp\/v2\/pages\/1936\/revisions"}],"predecessor-version":[{"id":3580,"href":"https:\/\/bialeta.pl\/wordpress\/wp-json\/wp\/v2\/pages\/1936\/revisions\/3580"}],"up":[{"embeddable":true,"href":"https:\/\/bialeta.pl\/wordpress\/wp-json\/wp\/v2\/pages\/70"}],"wp:attachment":[{"href":"https:\/\/bialeta.pl\/wordpress\/wp-json\/wp\/v2\/media?parent=1936"}],"curies":[{"name":"wp","href":"https:\/\/api.w.org\/{rel}","templated":true}]}}