{"id":2193,"date":"2019-01-16T23:39:40","date_gmt":"2019-01-16T22:39:40","guid":{"rendered":"http:\/\/bialeta.pl\/wordpress\/?page_id=2193"},"modified":"2023-11-01T00:39:42","modified_gmt":"2023-10-31T23:39:42","slug":"laparoskopowa-adenomektomia-stercza","status":"publish","type":"page","link":"https:\/\/bialeta.pl\/wordpress\/multimedia\/laparoskopowa-adenomektomia-stercza","title":{"rendered":"Laparoskopowa adenomektomia stercza"},"content":{"rendered":"<p><\/p>\n<p style=\"text-align: justify;\">Laparoskopowa adenomektomia stercza<\/p>\n<ul>\n<li>9 &#8211; Laparoskopowa adenomektomia stercza (A. Bia\u0142eta, K. Kurtys)<\/li>\n<\/ul>\n<ul><video id=\"player3\" width=\"320\" mediaType=\"video\" preload=\"none\" controls  src=\"http:\/\/bialeta.pl\/adenomektomia_09\/adenomektomia_09.mp4\"><\/ul>\n<ul>\n<li>8 &#8211; Laparoskopowa adenomektomia stercza (P. Winczakiewicz, A. Bia\u0142eta)<\/li>\n<\/ul>\n<ul><video id=\"player3\" width=\"320\" mediaType=\"video\" preload=\"none\" controls  src=\"http:\/\/bialeta.pl\/adenomektomia_08\/adenomektomia_08.mp4\"><\/ul>\n<ul>\n<li>7 &#8211; Laparoskopowa adenomektomia stercza (P. Winczakiewicz, A. Bia\u0142eta, M. Ksi\u0105\u017cek)<\/li>\n<\/ul>\n<ul><video id=\"player3\" width=\"320\" mediaType=\"video\" preload=\"none\" controls  src=\"http:\/\/bialeta.pl\/adenomektomia_07\/adenomektomia_07.mp4\"><\/ul>\n<ul>\n<li>6 &#8211; Laparoskopowa adenomektomia stercza (A. Bia\u0142eta, R. Purpurowicz)<\/li>\n<\/ul>\n<ul><video id=\"player3\" width=\"320\" mediaType=\"video\" preload=\"none\" controls  src=\"http:\/\/bialeta.pl\/adenomektomia_06\/adenomektomia_06.mp4\"><\/ul>\n<ul>\n<li>5 &#8211; Laparoskopowa adenomektomia stercza (A. Bia\u0142eta, P. Kalinowski, K. Lebiedzi\u0144ski)<\/li>\n<\/ul>\n<ul><video id=\"player3\" width=\"320\" mediaType=\"video\" preload=\"none\" controls  src=\"http:\/\/bialeta.pl\/adenomektomia_05\/adenomektomia_05.mp4\"><\/ul>\n<ul>\n<li>4 &#8211; Laparoskopowa adenomektomia stercza (A. Bia\u0142eta, P. Kalinowski)<\/li>\n<\/ul>\n<ul><video id=\"player3\" width=\"320\" mediaType=\"video\" preload=\"none\" controls  src=\"http:\/\/bialeta.pl\/adenomektomia_04\/adenomektomia_04.mp4\"><\/ul>\n<ul>\n<li>3 &#8211; Laparoskopowa adenomektomia stercza (A. Bia\u0142eta, P. Kalinowski)<\/li>\n<\/ul>\n<ul><video id=\"player3\" width=\"320\" mediaType=\"video\" preload=\"none\" controls  src=\"http:\/\/bialeta.pl\/adenomektomia_03\/adenomektomia_03.mp4\"><\/ul>\n<ul>\n<li>2 &#8211; Laparoskopowa adenomektomia stercza (M. Skoneczny, P. Sikorska-Radek, A. Bia\u0142eta)<\/li>\n<\/ul>\n<ul><video id=\"player3\" width=\"320\" mediaType=\"video\" preload=\"none\" controls  src=\"http:\/\/bialeta.pl\/adenomektomia_02\/adenomektomia_02.mp4\"><\/ul>\n<li>\n<ul>1 &#8211; Laparoskopowa adenomektomia stercza (A. Bia\u0142eta,  A. Ko\u0142odziej)<\/li>\n<\/ul>\n<ul><video id=\"player3\" width=\"320\" mediaType=\"video\" preload=\"none\" controls  src=\" http:\/\/bialeta.pl\/adenomektomia_01\/adenomektomia_01.mp4\"><\/ul>\n<p><\/p>","protected":false},"excerpt":{"rendered":"<p>Laparoskopowa adenomektomia stercza 9 &#8211; Laparoskopowa adenomektomia stercza (A. Bia\u0142eta, K. Kurtys) 8 &#8211; Laparoskopowa adenomektomia stercza (P. Winczakiewicz, A. Bia\u0142eta) 7 &#8211; Laparoskopowa adenomektomia stercza (P. Winczakiewicz, A. Bia\u0142eta, M. Ksi\u0105\u017cek) 6 &#8211; Laparoskopowa adenomektomia stercza (A. Bia\u0142eta, R. Purpurowicz) 5 &#8211; Laparoskopowa adenomektomia stercza (A. Bia\u0142eta, P. Kalinowski,&#8230;<\/p>\n","protected":false},"author":1,"featured_media":0,"parent":70,"menu_order":0,"comment_status":"closed","ping_status":"closed","template":"","meta":{"ngg_post_thumbnail":0,"footnotes":""},"class_list":["post-2193","page","type-page","status-publish","hentry"],"_links":{"self":[{"href":"https:\/\/bialeta.pl\/wordpress\/wp-json\/wp\/v2\/pages\/2193","targetHints":{"allow":["GET"]}}],"collection":[{"href":"https:\/\/bialeta.pl\/wordpress\/wp-json\/wp\/v2\/pages"}],"about":[{"href":"https:\/\/bialeta.pl\/wordpress\/wp-json\/wp\/v2\/types\/page"}],"author":[{"embeddable":true,"href":"https:\/\/bialeta.pl\/wordpress\/wp-json\/wp\/v2\/users\/1"}],"replies":[{"embeddable":true,"href":"https:\/\/bialeta.pl\/wordpress\/wp-json\/wp\/v2\/comments?post=2193"}],"version-history":[{"count":34,"href":"https:\/\/bialeta.pl\/wordpress\/wp-json\/wp\/v2\/pages\/2193\/revisions"}],"predecessor-version":[{"id":3581,"href":"https:\/\/bialeta.pl\/wordpress\/wp-json\/wp\/v2\/pages\/2193\/revisions\/3581"}],"up":[{"embeddable":true,"href":"https:\/\/bialeta.pl\/wordpress\/wp-json\/wp\/v2\/pages\/70"}],"wp:attachment":[{"href":"https:\/\/bialeta.pl\/wordpress\/wp-json\/wp\/v2\/media?parent=2193"}],"curies":[{"name":"wp","href":"https:\/\/api.w.org\/{rel}","templated":true}]}}