{"id":2278,"date":"2019-03-27T00:17:25","date_gmt":"2019-03-26T23:17:25","guid":{"rendered":"http:\/\/bialeta.pl\/wordpress\/?page_id=2278"},"modified":"2023-11-01T00:13:59","modified_gmt":"2023-10-31T23:13:59","slug":"laparoskopowe-szycie-peknietego-pecherza","status":"publish","type":"page","link":"https:\/\/bialeta.pl\/wordpress\/laparoskopowe-szycie-peknietego-pecherza","title":{"rendered":"Laparoskopowe zszycie p\u0119kni\u0119tego p\u0119cherza"},"content":{"rendered":"<p><\/p>\n<p style=\"text-align: justify;\">Laparoskopowe zszycie p\u0119kni\u0119tego p\u0119cherza moczowego<\/p>\n<ul>\n<li>1 &#8211; Laparoskopowe zszycie p\u0119kni\u0119tego nieurazowo p\u0119cherza moczowego (A. Bia\u0142eta,  \u0141. Lizut)<\/li>\n<\/ul>\n<ul>\n<video id=\"player3\" width=\"320\" mediaType=\"video\" preload=\"none\" controls  src=\"http:\/\/bialeta.pl\/bladder_injury\/bladder_01.mp4\">\n<\/ul>\n<p><\/p>","protected":false},"excerpt":{"rendered":"<p>Laparoskopowe zszycie p\u0119kni\u0119tego p\u0119cherza moczowego 1 &#8211; Laparoskopowe zszycie p\u0119kni\u0119tego nieurazowo p\u0119cherza moczowego (A. Bia\u0142eta, \u0141. Lizut)<\/p>\n","protected":false},"author":1,"featured_media":0,"parent":0,"menu_order":0,"comment_status":"closed","ping_status":"closed","template":"","meta":{"ngg_post_thumbnail":0,"footnotes":""},"class_list":["post-2278","page","type-page","status-publish","hentry"],"_links":{"self":[{"href":"https:\/\/bialeta.pl\/wordpress\/wp-json\/wp\/v2\/pages\/2278","targetHints":{"allow":["GET"]}}],"collection":[{"href":"https:\/\/bialeta.pl\/wordpress\/wp-json\/wp\/v2\/pages"}],"about":[{"href":"https:\/\/bialeta.pl\/wordpress\/wp-json\/wp\/v2\/types\/page"}],"author":[{"embeddable":true,"href":"https:\/\/bialeta.pl\/wordpress\/wp-json\/wp\/v2\/users\/1"}],"replies":[{"embeddable":true,"href":"https:\/\/bialeta.pl\/wordpress\/wp-json\/wp\/v2\/comments?post=2278"}],"version-history":[{"count":5,"href":"https:\/\/bialeta.pl\/wordpress\/wp-json\/wp\/v2\/pages\/2278\/revisions"}],"predecessor-version":[{"id":3579,"href":"https:\/\/bialeta.pl\/wordpress\/wp-json\/wp\/v2\/pages\/2278\/revisions\/3579"}],"wp:attachment":[{"href":"https:\/\/bialeta.pl\/wordpress\/wp-json\/wp\/v2\/media?parent=2278"}],"curies":[{"name":"wp","href":"https:\/\/api.w.org\/{rel}","templated":true}]}}