{"id":237,"date":"2012-01-02T22:49:16","date_gmt":"2012-01-02T21:49:16","guid":{"rendered":"http:\/\/n.bialeta.pl\/wordpress\/?page_id=237"},"modified":"2023-11-01T09:32:18","modified_gmt":"2023-11-01T08:32:18","slug":"ureterolitotomia-laparoskopowa","status":"publish","type":"page","link":"https:\/\/bialeta.pl\/wordpress\/multimedia\/ureterolitotomia-laparoskopowa","title":{"rendered":"Ureterolitotomia laparoskopowa"},"content":{"rendered":"<p><\/p>\n<ul>\n<li>17 &#8211; Laparoskopowa ureterolitotomia lewostronna, konwersja w trakcie URSL (A. Bia\u0142eta, R. Purpurowicz)<\/li>\n<\/ul>\n<ul>\n<ul><video id=\"player3\" width=\"320\" mediaType=\"video\" preload=\"none\" controls src=\"http:\/\/bialeta.pl\/ureterolithotomy12\/ureterolitotomia_12.mp4\"><\/ul>\n<ul>\n<li>16 &#8211; Laparoskopowa ureterolitotomia lewostronna (A. Bia\u0142eta, P. Kalinowski)<\/li>\n<\/ul>\n<ul><video id=\"player3\" width=\"320\" mediaType=\"video\" preload=\"none\" controls src=\"http:\/\/bialeta.pl\/ureterolithotomy11\/ureterolitotomia_11.mp4\"><\/ul>\n<ul>\n<li>15 &#8211; Laparoskopowa ureterolitotomia lewostronna (A. Bia\u0142eta, P. Kalinowski)<\/li>\n<\/ul>\n<ul><video id=\"player3\" width=\"320\" mediaType=\"video\" preload=\"none\" controls src=\"http:\/\/bialeta.pl\/ureterolithotomy10\/ureterolitotomia_10.mp4\"><\/ul>\n<ul>\n<li>14 &#8211; Laparoskopowa ureterolitotomia lewostronna (A. Bia\u0142eta, P. Kalinowski)<\/li>\n<\/ul>\n<ul><video id=\"player3\" width=\"320\" mediaType=\"video\" preload=\"none\" controls src=\"http:\/\/bialeta.pl\/ureterolithotomy9\/ureterolitotomia_9.mp4\"><\/ul>\n<ul>\n<li>13 &#8211; Laparoskopowa ureterolitotomia lewostronna (A. Bia\u0142eta, J. Mo\u017cd\u017cy\u0144ski)<\/li>\n<\/ul>\n<ul><video id=\"player3\" width=\"320\" mediaType=\"video\" preload=\"none\" controls src=\"http:\/\/bialeta.pl\/ureterolithotomy7\/ureterolitotomia_7.flv\"><\/ul>\n<ul>\n<li>12 &#8211; Laparoskopowa ureterolitotomia lewostronna (A. Bia\u0142eta, M. Krzy\u017canowski)<\/li>\n<\/ul>\n<ul><video id=\"player3\" width=\"320\" mediaType=\"video\" preload=\"none\" controls src=\"http:\/\/bialeta.pl\/ureterolithotomy1\/ureterolitotomia_1.flv\"><\/ul>\n<ul>\n<li>11 &#8211; Laparoskopowa ureterolitotomia lewostronna (M. Krzy\u017canowski, A. Bia\u0142eta)<\/li>\n<\/ul>\n<ul><video id=\"player3\" width=\"320\" mediaType=\"video\" preload=\"none\" controls src=\"http:\/\/bialeta.pl\/ureterolithotomy2\/ureterolitotomia_2.flv\"><\/ul>\n<ul>\n<li>10 &#8211; Laparoskopowa ureterolitotomia lewostronna (A. Bia\u0142eta, M. Krzy\u017canowski)<\/li>\n<\/ul>\n<ul><video id=\"player3\" width=\"320\" mediaType=\"video\" preload=\"none\" controls src=\"http:\/\/bialeta.pl\/ureterolithotomy3\/ureterolitotomia_3.flv\"><\/ul>\n<ul>\n<li>9 &#8211; Laparoskopowa ureterolitotomia prawostronna (J. Mo\u017cd\u017cy\u0144ski, A. Bia\u0142eta)<\/li>\n<\/ul>\n<ul><video id=\"player3\" width=\"320\" mediaType=\"video\" preload=\"none\" controls src=\"http:\/\/bialeta.pl\/ureterolithotomy4\/ureterolitotomia_4.flv\"><\/ul>\n<ul>\n<li>9 &#8211; Laparoskopowa ureterolitotomia lewostronna (J. Mo\u017cd\u017cy\u0144ski, A. Bia\u0142eta)<\/li>\n<\/ul>\n<ul><video id=\"player3\" width=\"320\" mediaType=\"video\" preload=\"none\" controls src=\"http:\/\/bialeta.pl\/ureterolithotomy5\/ureterolitotomia_5.flv\"><\/ul>\n<ul>\n<li>8 &#8211; Laparoskopowa ureterolitotomia lewostronna (J. Mo\u017cd\u017cy\u0144ski, A. Bia\u0142eta)<\/li>\n<\/ul>\n<ul><video id=\"player3\" width=\"320\" mediaType=\"video\" preload=\"none\" controls src=\"http:\/\/bialeta.pl\/ureterolithotomy6\/ureterolitotomia_6.flv\"><\/ul>\n<ul>\n<li>7 &#8211; Laparoskopowa ureterolitotomia lewostronna z za\u0142o\u017ceniem stentu J-J technik\u0105 Noh`a &#8211; AUA 2012, Atlanta (J. Mo\u017cd\u017cy\u0144ski, A. Bia\u0142eta)<\/li>\n<\/ul>\n<ul><video id=\"player3\" width=\"320\" mediaType=\"video\" preload=\"none\" controls src=\"http:\/\/bialeta.pl\/ureterolithotomy8\/ureterolitotomia_8.flv\"><\/ul>\n<p><\/p>","protected":false},"excerpt":{"rendered":"<p>17 &#8211; Laparoskopowa ureterolitotomia lewostronna, konwersja w trakcie URSL (A. Bia\u0142eta, R. Purpurowicz) 16 &#8211; Laparoskopowa ureterolitotomia lewostronna (A. Bia\u0142eta, P. Kalinowski) 15 &#8211; Laparoskopowa ureterolitotomia lewostronna (A. Bia\u0142eta, P. Kalinowski) 14 &#8211; Laparoskopowa ureterolitotomia lewostronna (A. Bia\u0142eta, P. Kalinowski) 13 &#8211; Laparoskopowa ureterolitotomia lewostronna (A. Bia\u0142eta, J. Mo\u017cd\u017cy\u0144ski) 12&#8230;<\/p>\n","protected":false},"author":1,"featured_media":0,"parent":70,"menu_order":0,"comment_status":"closed","ping_status":"closed","template":"","meta":{"ngg_post_thumbnail":0,"footnotes":""},"class_list":["post-237","page","type-page","status-publish","hentry"],"_links":{"self":[{"href":"https:\/\/bialeta.pl\/wordpress\/wp-json\/wp\/v2\/pages\/237","targetHints":{"allow":["GET"]}}],"collection":[{"href":"https:\/\/bialeta.pl\/wordpress\/wp-json\/wp\/v2\/pages"}],"about":[{"href":"https:\/\/bialeta.pl\/wordpress\/wp-json\/wp\/v2\/types\/page"}],"author":[{"embeddable":true,"href":"https:\/\/bialeta.pl\/wordpress\/wp-json\/wp\/v2\/users\/1"}],"replies":[{"embeddable":true,"href":"https:\/\/bialeta.pl\/wordpress\/wp-json\/wp\/v2\/comments?post=237"}],"version-history":[{"count":25,"href":"https:\/\/bialeta.pl\/wordpress\/wp-json\/wp\/v2\/pages\/237\/revisions"}],"predecessor-version":[{"id":3594,"href":"https:\/\/bialeta.pl\/wordpress\/wp-json\/wp\/v2\/pages\/237\/revisions\/3594"}],"up":[{"embeddable":true,"href":"https:\/\/bialeta.pl\/wordpress\/wp-json\/wp\/v2\/pages\/70"}],"wp:attachment":[{"href":"https:\/\/bialeta.pl\/wordpress\/wp-json\/wp\/v2\/media?parent=237"}],"curies":[{"name":"wp","href":"https:\/\/api.w.org\/{rel}","templated":true}]}}