{"id":240,"date":"2012-01-02T22:51:41","date_gmt":"2012-01-02T21:51:41","guid":{"rendered":"http:\/\/n.bialeta.pl\/wordpress\/?page_id=240"},"modified":"2023-11-01T09:26:04","modified_gmt":"2023-11-01T08:26:04","slug":"wyciecie-torbieli-nerki","status":"publish","type":"page","link":"https:\/\/bialeta.pl\/wordpress\/multimedia\/wyciecie-torbieli-nerki","title":{"rendered":"Wyci\u0119cie torbieli nerki"},"content":{"rendered":"<p><\/p>\n<ul>\n<li>4 &#8211; Przezotrzewnowa marsupializacja 17-cm torbieli lewej nerki (A. Bia\u0142eta,  J. Mo\u017cd\u017cy\u0144ski)<\/li>\n<\/ul>\n<ul><video id=\"player3\" width=\"320\" mediaType=\"video\" preload=\"none\" controls src=\"http:\/\/bialeta.pl\/torbiel4\/torbiel4.mp4\"><\/ul>\n<ul>\n<li>3 &#8211; Przezotrzewnowa marsupializacja torbieli lewej nerki (M. Krzy\u017canowski, J. Mo\u017cd\u017cy\u0144ski)<\/li>\n<\/ul>\n<ul><video id=\"player3\" width=\"320\" mediaType=\"video\" preload=\"none\" controls src=\"http:\/\/bialeta.pl\/torbiel2\/torbiel2.flv\"><\/ul>\n<ul>\n<li>2 &#8211; Przezotrzewnowa marsupializacja torbieli prawej nerki (J. Mo\u017cd\u017cy\u0144ski, A. Bia\u0142eta)<\/li>\n<\/ul>\n<ul><video id=\"player3\" width=\"320\" mediaType=\"video\" preload=\"none\" controls src=\"http:\/\/bialeta.pl\/torbiel3\/torbiel3.flv\"><\/ul>\n<p><\/p>","protected":false},"excerpt":{"rendered":"<p>4 &#8211; Przezotrzewnowa marsupializacja 17-cm torbieli lewej nerki (A. Bia\u0142eta, J. Mo\u017cd\u017cy\u0144ski) 3 &#8211; Przezotrzewnowa marsupializacja torbieli lewej nerki (M. Krzy\u017canowski, J. Mo\u017cd\u017cy\u0144ski) 2 &#8211; Przezotrzewnowa marsupializacja torbieli prawej nerki (J. Mo\u017cd\u017cy\u0144ski, A. Bia\u0142eta)<\/p>\n","protected":false},"author":1,"featured_media":0,"parent":70,"menu_order":0,"comment_status":"closed","ping_status":"closed","template":"","meta":{"ngg_post_thumbnail":0,"footnotes":""},"class_list":["post-240","page","type-page","status-publish","hentry"],"_links":{"self":[{"href":"https:\/\/bialeta.pl\/wordpress\/wp-json\/wp\/v2\/pages\/240","targetHints":{"allow":["GET"]}}],"collection":[{"href":"https:\/\/bialeta.pl\/wordpress\/wp-json\/wp\/v2\/pages"}],"about":[{"href":"https:\/\/bialeta.pl\/wordpress\/wp-json\/wp\/v2\/types\/page"}],"author":[{"embeddable":true,"href":"https:\/\/bialeta.pl\/wordpress\/wp-json\/wp\/v2\/users\/1"}],"replies":[{"embeddable":true,"href":"https:\/\/bialeta.pl\/wordpress\/wp-json\/wp\/v2\/comments?post=240"}],"version-history":[{"count":10,"href":"https:\/\/bialeta.pl\/wordpress\/wp-json\/wp\/v2\/pages\/240\/revisions"}],"predecessor-version":[{"id":3592,"href":"https:\/\/bialeta.pl\/wordpress\/wp-json\/wp\/v2\/pages\/240\/revisions\/3592"}],"up":[{"embeddable":true,"href":"https:\/\/bialeta.pl\/wordpress\/wp-json\/wp\/v2\/pages\/70"}],"wp:attachment":[{"href":"https:\/\/bialeta.pl\/wordpress\/wp-json\/wp\/v2\/media?parent=240"}],"curies":[{"name":"wp","href":"https:\/\/api.w.org\/{rel}","templated":true}]}}