{"id":274,"date":"2012-01-03T22:44:00","date_gmt":"2012-01-03T21:44:00","guid":{"rendered":"http:\/\/n.bialeta.pl\/wordpress\/?page_id=274"},"modified":"2023-11-01T09:56:42","modified_gmt":"2023-11-01T08:56:42","slug":"zylaki-powrozka-nasiennego-lvl","status":"publish","type":"page","link":"https:\/\/bialeta.pl\/wordpress\/multimedia\/zylaki-powrozka-nasiennego-lvl","title":{"rendered":"\u017bylaki powr\u00f3zka nasiennego"},"content":{"rendered":"<p><\/p>\n<ul>\n<li>1 &#8211; Operacja \u017cylak\u00f3w lewego powr\u00f3zka nasiennego z oszcz\u0119dzeniem t\u0119tnicy j\u0105drowej (M. Krzy\u017canowski, J. Mo\u017cd\u017cy\u0144ski)<\/li>\n<\/ul>\n<ul><video id=\"player3\" width=\"320\" mediaType=\"video\" preload=\"none\" controls src=\"https:\/\/bialeta.pl\/varicocele-1\/varicocele.mp4\"><\/ul>\n<ul>\n<li>2 &#8211; Operacja \u017cylak\u00f3w lewego powr\u00f3zka nasiennego bez oszcz\u0119dzenia t\u0119tnicy j\u0105drowej (J. Mo\u017cd\u017cy\u0144ski, A. Bia\u0142eta)<\/li>\n<\/ul>\n<ul><video id=\"player3\" width=\"320\" mediaType=\"video\" preload=\"none\" controls src=\"https:\/\/bialeta.pl\/varicocele-2\/lvl-2.mp4\"><\/ul>\n<ul>\n<li>3 &#8211; Operacja \u017cylak\u00f3w lewego powr\u00f3zka nasiennego bez oszcz\u0119dzenia t\u0119tnicy j\u0105drowej (A. Bia\u0142eta, P. Kalinowski)<\/li>\n<\/ul>\n<ul><video id=\"player3\" width=\"320\" mediaType=\"video\" preload=\"none\" controls src=\"https:\/\/bialeta.pl\/varicocele-3\/lvl-3.mp4\"><\/ul>\n<p><\/p>","protected":false},"excerpt":{"rendered":"<p>1 &#8211; Operacja \u017cylak\u00f3w lewego powr\u00f3zka nasiennego z oszcz\u0119dzeniem t\u0119tnicy j\u0105drowej (M. Krzy\u017canowski, J. Mo\u017cd\u017cy\u0144ski) 2 &#8211; Operacja \u017cylak\u00f3w lewego powr\u00f3zka nasiennego bez oszcz\u0119dzenia t\u0119tnicy j\u0105drowej (J. Mo\u017cd\u017cy\u0144ski, A. Bia\u0142eta) 3 &#8211; Operacja \u017cylak\u00f3w lewego powr\u00f3zka nasiennego bez oszcz\u0119dzenia t\u0119tnicy j\u0105drowej (A. Bia\u0142eta, P. Kalinowski)<\/p>\n","protected":false},"author":1,"featured_media":0,"parent":70,"menu_order":0,"comment_status":"closed","ping_status":"closed","template":"","meta":{"ngg_post_thumbnail":0,"footnotes":""},"class_list":["post-274","page","type-page","status-publish","hentry"],"_links":{"self":[{"href":"https:\/\/bialeta.pl\/wordpress\/wp-json\/wp\/v2\/pages\/274","targetHints":{"allow":["GET"]}}],"collection":[{"href":"https:\/\/bialeta.pl\/wordpress\/wp-json\/wp\/v2\/pages"}],"about":[{"href":"https:\/\/bialeta.pl\/wordpress\/wp-json\/wp\/v2\/types\/page"}],"author":[{"embeddable":true,"href":"https:\/\/bialeta.pl\/wordpress\/wp-json\/wp\/v2\/users\/1"}],"replies":[{"embeddable":true,"href":"https:\/\/bialeta.pl\/wordpress\/wp-json\/wp\/v2\/comments?post=274"}],"version-history":[{"count":21,"href":"https:\/\/bialeta.pl\/wordpress\/wp-json\/wp\/v2\/pages\/274\/revisions"}],"predecessor-version":[{"id":3597,"href":"https:\/\/bialeta.pl\/wordpress\/wp-json\/wp\/v2\/pages\/274\/revisions\/3597"}],"up":[{"embeddable":true,"href":"https:\/\/bialeta.pl\/wordpress\/wp-json\/wp\/v2\/pages\/70"}],"wp:attachment":[{"href":"https:\/\/bialeta.pl\/wordpress\/wp-json\/wp\/v2\/media?parent=274"}],"curies":[{"name":"wp","href":"https:\/\/api.w.org\/{rel}","templated":true}]}}