{"id":2832,"date":"2019-11-06T22:30:46","date_gmt":"2019-11-06T21:30:46","guid":{"rendered":"https:\/\/bialeta.pl\/wordpress\/?page_id=2832"},"modified":"2023-11-01T09:41:04","modified_gmt":"2023-11-01T08:41:04","slug":"wyciecie-zwezenia-moczowodu","status":"publish","type":"page","link":"https:\/\/bialeta.pl\/wordpress\/multimedia\/wyciecie-zwezenia-moczowodu","title":{"rendered":"Wyci\u0119cie zw\u0119\u017cenia moczowodu"},"content":{"rendered":"<p><\/p>\n<ul>\n<li>1 &#8211; Wyci\u0119cie zw\u0119\u017cenia prawego moczowodu po powik\u0142anym zabiegu URSL i zespolenie koniec do ko\u0144ca po spatulacji kikut\u00f3w (A. Bia\u0142eta, J. Mo\u017cd\u017cy\u0144ski)<\/li>\n<\/ul>\n<ul><video id=\"player3\" width=\"320\" mediaType=\"video\" preload=\"none\" controls src=\"http:\/\/bialeta.pl\/uretero-uretero_01\/uretero-uretero_01.mp4\"><\/ul>\n<p><\/p>","protected":false},"excerpt":{"rendered":"<p>1 &#8211; Wyci\u0119cie zw\u0119\u017cenia prawego moczowodu po powik\u0142anym zabiegu URSL i zespolenie koniec do ko\u0144ca po spatulacji kikut\u00f3w (A. Bia\u0142eta, J. Mo\u017cd\u017cy\u0144ski)<\/p>\n","protected":false},"author":1,"featured_media":0,"parent":70,"menu_order":0,"comment_status":"closed","ping_status":"closed","template":"","meta":{"ngg_post_thumbnail":0,"footnotes":""},"class_list":["post-2832","page","type-page","status-publish","hentry"],"_links":{"self":[{"href":"https:\/\/bialeta.pl\/wordpress\/wp-json\/wp\/v2\/pages\/2832","targetHints":{"allow":["GET"]}}],"collection":[{"href":"https:\/\/bialeta.pl\/wordpress\/wp-json\/wp\/v2\/pages"}],"about":[{"href":"https:\/\/bialeta.pl\/wordpress\/wp-json\/wp\/v2\/types\/page"}],"author":[{"embeddable":true,"href":"https:\/\/bialeta.pl\/wordpress\/wp-json\/wp\/v2\/users\/1"}],"replies":[{"embeddable":true,"href":"https:\/\/bialeta.pl\/wordpress\/wp-json\/wp\/v2\/comments?post=2832"}],"version-history":[{"count":4,"href":"https:\/\/bialeta.pl\/wordpress\/wp-json\/wp\/v2\/pages\/2832\/revisions"}],"predecessor-version":[{"id":3596,"href":"https:\/\/bialeta.pl\/wordpress\/wp-json\/wp\/v2\/pages\/2832\/revisions\/3596"}],"up":[{"embeddable":true,"href":"https:\/\/bialeta.pl\/wordpress\/wp-json\/wp\/v2\/pages\/70"}],"wp:attachment":[{"href":"https:\/\/bialeta.pl\/wordpress\/wp-json\/wp\/v2\/media?parent=2832"}],"curies":[{"name":"wp","href":"https:\/\/api.w.org\/{rel}","templated":true}]}}