{"id":295,"date":"2012-01-04T00:25:10","date_gmt":"2012-01-03T23:25:10","guid":{"rendered":"http:\/\/n.bialeta.pl\/wordpress\/?page_id=295"},"modified":"2023-11-01T09:27:34","modified_gmt":"2023-11-01T08:27:34","slug":"laproskopowa-pielolitotomia","status":"publish","type":"page","link":"https:\/\/bialeta.pl\/wordpress\/multimedia\/laproskopowa-pielolitotomia","title":{"rendered":"Pielolitotomia laparoskopowa"},"content":{"rendered":"<p><\/p>\n<p style=\"text-align: justify;\">Pielolitotomia to zabieg chirurgiczny, kt\u00f3rego celem jest usuni\u0119cie kamienia z miedniczki nerkowej. Wykonuje si\u0119 j\u0105 jako alternatyw\u0119 PCNL w\u00f3wczas, kiedy kamie\u0144 jest bardzo du\u017cy i przesk\u00f3rna litotrypsja (PCNL) mo\u017ce trwa\u0107 bardzo d\u0142ugo. Nie jest to metoda pierwszego wyboru, ale w pewnych sytuacjach klinicznych i korzystnej anatomii nerki mo\u017ce z powodzeniem zast\u0105pi\u0107 PCNL. Zalet\u0105 tej techniki jest mo\u017cliwo\u015b\u0107 usuni\u0119cia z\u0142ogu w ca\u0142o\u015bci, bez rozkruszania go, co zwi\u0119ksza szans\u0119 na doszcz\u0119tno\u015b\u0107 procedury, mo\u017ce tak\u017ce skr\u00f3ci\u0107 czas zabiegu w por\u00f3wnaniu z PCNL.<\/p>\n<ul>\n<li>1 &#8211; Retroperitoneoskopowa pielolitotomia prawostronna (A. Bia\u0142eta, P. Kalinowski)<\/li>\n<\/ul>\n<ul><video id=\"player3\" width=\"320\" mediaType=\"video\" preload=\"none\" controls src=\"http:\/\/bialeta.pl\/pyelolithotomy1\/pyelolithotomy1.mp4\"><\/ul>\n<p><\/p>","protected":false},"excerpt":{"rendered":"<p>Pielolitotomia to zabieg chirurgiczny, kt\u00f3rego celem jest usuni\u0119cie kamienia z miedniczki nerkowej. Wykonuje si\u0119 j\u0105 jako alternatyw\u0119 PCNL w\u00f3wczas, kiedy kamie\u0144 jest bardzo du\u017cy i przesk\u00f3rna litotrypsja (PCNL) mo\u017ce trwa\u0107 bardzo d\u0142ugo. Nie jest to metoda pierwszego wyboru, ale w pewnych sytuacjach klinicznych i korzystnej anatomii nerki mo\u017ce z powodzeniem&#8230;<\/p>\n","protected":false},"author":1,"featured_media":0,"parent":70,"menu_order":0,"comment_status":"closed","ping_status":"closed","template":"","meta":{"ngg_post_thumbnail":0,"footnotes":""},"class_list":["post-295","page","type-page","status-publish","hentry"],"_links":{"self":[{"href":"https:\/\/bialeta.pl\/wordpress\/wp-json\/wp\/v2\/pages\/295","targetHints":{"allow":["GET"]}}],"collection":[{"href":"https:\/\/bialeta.pl\/wordpress\/wp-json\/wp\/v2\/pages"}],"about":[{"href":"https:\/\/bialeta.pl\/wordpress\/wp-json\/wp\/v2\/types\/page"}],"author":[{"embeddable":true,"href":"https:\/\/bialeta.pl\/wordpress\/wp-json\/wp\/v2\/users\/1"}],"replies":[{"embeddable":true,"href":"https:\/\/bialeta.pl\/wordpress\/wp-json\/wp\/v2\/comments?post=295"}],"version-history":[{"count":11,"href":"https:\/\/bialeta.pl\/wordpress\/wp-json\/wp\/v2\/pages\/295\/revisions"}],"predecessor-version":[{"id":3593,"href":"https:\/\/bialeta.pl\/wordpress\/wp-json\/wp\/v2\/pages\/295\/revisions\/3593"}],"up":[{"embeddable":true,"href":"https:\/\/bialeta.pl\/wordpress\/wp-json\/wp\/v2\/pages\/70"}],"wp:attachment":[{"href":"https:\/\/bialeta.pl\/wordpress\/wp-json\/wp\/v2\/media?parent=295"}],"curies":[{"name":"wp","href":"https:\/\/api.w.org\/{rel}","templated":true}]}}