{"id":50,"date":"2011-12-27T15:14:06","date_gmt":"2011-12-27T15:14:06","guid":{"rendered":"http:\/\/n.bialeta.pl\/wordpress\/?page_id=50"},"modified":"2018-11-21T23:39:37","modified_gmt":"2018-11-21T22:39:37","slug":"start","status":"publish","type":"page","link":"https:\/\/bialeta.pl\/wordpress\/","title":{"rendered":""},"content":{"rendered":"<p><\/p>\n<p style=\"text-align: justify;\"><strong>Artur Bia\u0142eta<\/strong>, urodzi\u0142em si\u0119 w 1970 roku we W\u0142oc\u0142awku. Liceum im. Marii Konopnickiej, w klasie o profilu biologiczno-chemicznym uko\u0144czy\u0142em w 1989 roku, a nast\u0119pnie rozpocz\u0105\u0142em nauk\u0119 na wydziale lekarskim Akademii Medycznej w \u0141odzi. Ca\u0142a moja aktywno\u015b\u0107 studencka i zawodowa zwi\u0105zana by\u0142a i jest nadal zwi\u0105zana z w\u0142oc\u0142awskim szpitalem przy ul. Wienieckiej, pocz\u0105wszy od &#8222;praktyk robotniczych&#8221; przed rozpocz\u0119ciem studi\u00f3w, kiedy to otrzyma\u0142em etat salowego, poprzez wszystkie stopnie praktyk piel\u0119gniarskich w trakcie kolejnych lat studi\u00f3w (ka\u017cdy 1 miesi\u0105c wakacji student medycyny musia\u0142 odda\u0107 szpitalowi), a\u017c po sta\u017c podyplomowy, kt\u00f3ry odby\u0142em r\u00f3wnie\u017c w naszym szpitalu po zako\u0144czeniu studi\u00f3w w 1999 roku.<\/p>\n<p style=\"text-align: justify;\">Prac\u0119 zawodow\u0105 w Szpitalu Wojew\u00f3dzkim we W\u0142oc\u0142awku rozpocz\u0105\u0142em 3 pa\u017adziernika 1996 roku. Dyrektorem medycznym by\u0142 w\u00f3wczas Dr Leszek Halicki, do dzi\u015b pami\u0119tam rozmow\u0119 kwalifikacyjn\u0105, powiedzia\u0142, \u017ce mog\u0119 zapomnie\u0107 o specjalizacji chirurgicznej, poniewa\u017c chirurg\u00f3w jest zbyt du\u017co.&nbsp; Na szcz\u0119\u015bcie \u00f3wczesny Ordynator Urologii, Dr Marek Stawski szuka\u0142 asystenta do swojego oddzia\u0142u i tak rozpocz\u0119\u0142a si\u0119 moja przygoda z urologi\u0105, rozpocz\u0105\u0142em prac\u0119 na stanowisku m\u0142odszego asystenta w Oddziale Urologii. W latach 1997-1999 pracowa\u0142em w dw\u00f3ch oddzia\u0142ach, w Oddziale Urologii oraz w Oddziale Chirurgii Og\u00f3lnej, gdzie pod okiem Dr Wojciecha Zembika (lekarza, nauczyciela i przyjaciela) zdobywa\u0142em pierwszy stopie\u0144 specjalizacji chirurgicznej. W 1999 roku uzyska\u0142em tytu\u0142 specjalisty 1 stopnia w dziedzinie chirurgii og\u00f3lnej i awansowa\u0142em na stanowisko asystenta Oddzia\u0142u Urologii. W tym samym roku Dr Marek Stawski zmuszony by\u0142 odej\u015b\u0107 ze szpitala, a kierownikiem Oddzia\u0142u Urologii zosta\u0142 Dr Jerzy Chajkowski. Dzi\u0119ki niemu, w 2002 roku rozpocz\u0105\u0142em specjalizacj\u0119 2 stopnia w dziedzinie urologii. Sta\u017c specjalizacyjny zako\u0144czy\u0142em w 2005 roku i rozpocz\u0105\u0142em przygotowania do najtrudniejszej cz\u0119\u015bci specjalizacji &#8211; do egzaminu. W czerwcu 2006 roku zda\u0142em egzamin specjalizacyjny wed\u0142ug ujednoliconych przez EAU (European Association of Urology) kryteri\u00f3w uzyskuj\u0105c 2 stopie\u0144 specjalizacji w dziedzinie urologii oraz jednocze\u015bnie presti\u017cowy tytu\u0142 Fellow of the European Association of Urology (FEBU). Od tej pory, z salowego w 1989 roku awansowa\u0142em na stanowisko starszego asystenta.<\/p>\n<p style=\"text-align: justify;\">W dniu 18 listopada 2007 roku zmar\u0142 nagle Dr Jerzy Chajkowski, by\u0142em w\u00f3wczas jedynym urologiem z 2 stopniem specjalizacji w Oddziale Urologii we W\u0142oc\u0142awku i chc\u0105c, nie chc\u0105c, zosta\u0142em kierownikiem oddzia\u0142u pe\u0142ni\u0105c obowi\u0105zki ordynatora. Oficjalny konkurs na stanowisko Ordynatora Oddzia\u0142u Urologii odby\u0142 si\u0119 w lutym 2009. W\u00f3wczas, dzi\u0119ki kredytowi zaufania i przychylno\u015bci Konsultanta Regionalnego, prof. Zbigniewa Wolskiego obj\u0105\u0142em stanowisko Ordynatora Oddzia\u0142u Urologii, kt\u00f3re pe\u0142ni\u0119 do chwili obecnej.<\/p>\n<p style=\"text-align: justify;\">Urologia jest moj\u0105 pasj\u0105, a tylko po\u0142\u0105czenie pracy zawodowej i hobby mo\u017ce przynie\u015b\u0107 satysfakcj\u0119. Szczeg\u00f3lnie pasjonuj\u0119 si\u0119 zabiegami rekonstrukcyjnymi, zw\u0142aszcza w zakresie cewki moczowej i pr\u0105cia. Z tego powodu wielokrotnie uczestniczy\u0142em w warsztatach chirurgii rekonstrukcyjnej w Londynie (UCLH, prof. Anthony Mundy), Hamburgu (Eppendorf, prof. Margit Fish), Belgradzie (Dr. Rados Djinovic) i Arezzo (prof. Guido Barbagli). Laparoskopia, cho\u0107 du\u017co trudniejsza, jest drug\u0105 dziedzin\u0105 chirurgii, kt\u00f3r\u0105 staram si\u0119 rozwija\u0107 od 2009 roku. Dzi\u0119ki wizytom i obserwacjom w du\u017cych o\u015brodkach laparoskopowych we Francji i Niemczech, a tak\u017ce dzi\u0119ki uczestnictwu w kongresach po\u015bwi\u0119conych laparoskopii i chirurgii &#8222;robotowej&#8221;, r\u00f3wnie\u017c dzi\u0119ki do\u015bwiadczeniom z dobrych o\u015brodk\u00f3w laparoskopowych w Polsce (Bydgoszcz, Szczecin, Kielce) wszystkie zabiegi urologiczne wykonywane klasyczn\u0105 technik\u0105 chirurgiczn\u0105 zast\u0105pi\u0142em laparoskopi\u0105. Obecnie ka\u017cdy z lekarzy pracuj\u0105cych w naszym Oddziale wykonuje samodzielnie zabiegi ablacyjne i rekonstrukcyjne.<\/p>\n<p style=\"text-align: justify;\">Kiedy obejmowa\u0142em kierownictwo w Oddziale, jedyn\u0105 laparoskopi\u0105 wykonywan\u0105 w\u00f3wczas by\u0142a chirurgia \u017cylak\u00f3w powr\u00f3zka nasiennego, a ka\u017cde zw\u0119\u017cenie cewki moczowej by\u0142o leczone uretrotomi\u0105 endoskopow\u0105, rozszerzaniem cewki i ostatecznie cystostomi\u0105 nad\u0142onow\u0105. Od tej pory wszystkie zabiegi wykonywane dotychczas tradycyjn\u0105 technik\u0105 chirurgiczn\u0105, wykonujemy z dost\u0119pu laparoskopowego. Zmienili\u015bmy r\u00f3wnie\u017c spos\u00f3b leczenia zw\u0119\u017ce\u0144 cewki, z nieskutecznej endoskopii na zabiegi rekonstrukcyjne z u\u017cyciem przeszczep\u00f3w \u015bluz\u00f3wki policzka i j\u0119zyka, kt\u00f3rych skuteczno\u015b\u0107 si\u0119ga 95%.<\/p>\n<p style=\"text-align: justify;\">W roku 2010 ostatecznej zmianie uleg\u0142a lokalizacja Oddzia\u0142u Urologii. Po kilkuletnim remoncie, oddzia\u0142 liczy obecnie 21 \u0142\u00f3\u017cek zlokalizowanych w 7 wygodnych salach z dost\u0119pem do internetu oraz sieci RTV.<\/p>\n<p style=\"text-align: justify;\">Obecnie w Oddziale Urologii pracuje 7 lekarzy:<br \/>\n1. lek. Artur Bia\u0142eta, spec. urolog, FEBU<br \/>\n2. lek. Jaros\u0142aw Mo\u017cd\u017cy\u0144ski, spec. urolog, FEBU<br \/>\n3. lek. Piotr Kalinowski, spec. urolog, FEBU<br \/>\n4. lek. Konrad Lebiedzi\u0144ski, spec. urolog, FEBU<br \/>\n5. lek. Pawe\u0142 Winczakiewicz, spec. urolog, FEBU<br \/>\n6. lek. Andrzej Ko\u0142odziej, chirurg, w trakcie specjalizacji urologicznej<br \/>\n7. lek. \u0141ukasz Lizut, rezydent w trakcie specjalizacji urologicznej<\/p>\n<p><\/p>","protected":false},"excerpt":{"rendered":"<p>Artur Bia\u0142eta, urodzi\u0142em si\u0119 w 1970 roku we W\u0142oc\u0142awku. Liceum im. Marii Konopnickiej, w klasie o profilu biologiczno-chemicznym uko\u0144czy\u0142em w 1989 roku, a nast\u0119pnie rozpocz\u0105\u0142em nauk\u0119 na wydziale lekarskim Akademii Medycznej w \u0141odzi. Ca\u0142a moja aktywno\u015b\u0107 studencka i zawodowa zwi\u0105zana by\u0142a i jest nadal zwi\u0105zana z w\u0142oc\u0142awskim szpitalem przy ul&#8230;.<\/p>\n","protected":false},"author":1,"featured_media":0,"parent":0,"menu_order":0,"comment_status":"closed","ping_status":"closed","template":"","meta":{"ngg_post_thumbnail":0,"footnotes":""},"class_list":["post-50","page","type-page","status-publish","hentry"],"_links":{"self":[{"href":"https:\/\/bialeta.pl\/wordpress\/wp-json\/wp\/v2\/pages\/50","targetHints":{"allow":["GET"]}}],"collection":[{"href":"https:\/\/bialeta.pl\/wordpress\/wp-json\/wp\/v2\/pages"}],"about":[{"href":"https:\/\/bialeta.pl\/wordpress\/wp-json\/wp\/v2\/types\/page"}],"author":[{"embeddable":true,"href":"https:\/\/bialeta.pl\/wordpress\/wp-json\/wp\/v2\/users\/1"}],"replies":[{"embeddable":true,"href":"https:\/\/bialeta.pl\/wordpress\/wp-json\/wp\/v2\/comments?post=50"}],"version-history":[{"count":28,"href":"https:\/\/bialeta.pl\/wordpress\/wp-json\/wp\/v2\/pages\/50\/revisions"}],"predecessor-version":[{"id":2125,"href":"https:\/\/bialeta.pl\/wordpress\/wp-json\/wp\/v2\/pages\/50\/revisions\/2125"}],"wp:attachment":[{"href":"https:\/\/bialeta.pl\/wordpress\/wp-json\/wp\/v2\/media?parent=50"}],"curies":[{"name":"wp","href":"https:\/\/api.w.org\/{rel}","templated":true}]}}